{"id":2523,"date":"2023-01-10T13:22:50","date_gmt":"2023-01-10T13:22:50","guid":{"rendered":"https:\/\/manifatturaitalianadelcaffe.136-244-100-128.plesk.page\/monoselektionen\/el-salvador-s-h-g\/"},"modified":"2025-04-15T09:49:22","modified_gmt":"2025-04-15T09:49:22","slug":"el-salvador-s-h-g","status":"publish","type":"page","link":"https:\/\/www.manifatturaitalianadelcaffe.it\/de\/single-origins\/el-salvador-s-h-g\/","title":{"rendered":"El Salvador Bourbon"},"content":{"rendered":"\t\t<div data-elementor-type=\"wp-page\" data-elementor-id=\"2523\" class=\"elementor elementor-2523 elementor-747\" data-elementor-post-type=\"page\">\n\t\t\t\t\t\t<section class=\"elementor-section elementor-top-section elementor-element elementor-element-8af6fe3 elementor-section-height-min-height elementor-section-boxed elementor-section-height-default elementor-section-items-middle\" data-id=\"8af6fe3\" data-element_type=\"section\" data-settings=\"{&quot;background_background&quot;:&quot;classic&quot;}\">\n\t\t\t\t\t\t\t<div class=\"elementor-background-overlay\"><\/div>\n\t\t\t\t\t\t\t<div class=\"elementor-container elementor-column-gap-no\">\n\t\t\t\t\t<div class=\"elementor-column elementor-col-100 elementor-top-column elementor-element elementor-element-d2f7e8f\" data-id=\"d2f7e8f\" data-element_type=\"column\">\n\t\t\t<div class=\"elementor-widget-wrap elementor-element-populated\">\n\t\t\t\t\t\t<div class=\"elementor-element elementor-element-60b1c67 elementor-invisible elementor-widget elementor-widget-heading\" data-id=\"60b1c67\" data-element_type=\"widget\" data-settings=\"{&quot;_animation&quot;:&quot;fadeIn&quot;}\" data-widget_type=\"heading.default\">\n\t\t\t\t<div class=\"elementor-widget-container\">\n\t\t\t\t\t<h2 class=\"elementor-heading-title elementor-size-default\">El Salvador Bourbon<\/h2>\t\t\t\t<\/div>\n\t\t\t\t<\/div>\n\t\t\t\t\t<\/div>\n\t\t<\/div>\n\t\t\t\t\t<\/div>\n\t\t<\/section>\n\t\t\t\t<section class=\"elementor-section elementor-top-section elementor-element elementor-element-9ea62de elementor-section-boxed elementor-section-height-default elementor-section-height-default\" data-id=\"9ea62de\" data-element_type=\"section\">\n\t\t\t\t\t\t<div class=\"elementor-container elementor-column-gap-default\">\n\t\t\t\t\t<div class=\"elementor-column elementor-col-50 elementor-top-column elementor-element elementor-element-20cc7ea\" data-id=\"20cc7ea\" data-element_type=\"column\">\n\t\t\t<div class=\"elementor-widget-wrap elementor-element-populated\">\n\t\t\t\t\t\t<div class=\"elementor-element elementor-element-4dc497e elementor-widget elementor-widget-image\" data-id=\"4dc497e\" data-element_type=\"widget\" data-widget_type=\"image.default\">\n\t\t\t\t<div class=\"elementor-widget-container\">\n\t\t\t\t\t\t\t\t\t\t\t\t\t\t\t\t<a href=\"https:\/\/www.manifatturaitalianadelcaffe.it\/wp-content\/uploads\/2025\/04\/Scheda_El_Salvador_retro_TED.jpg\" data-elementor-open-lightbox=\"yes\" data-elementor-lightbox-title=\"Scheda_El_Salvador_retro_TED\" data-e-action-hash=\"#elementor-action%3Aaction%3Dlightbox%26settings%3DeyJpZCI6NTQwOSwidXJsIjoiaHR0cHM6XC9cL3d3dy5tYW5pZmF0dHVyYWl0YWxpYW5hZGVsY2FmZmUuaXRcL3dwLWNvbnRlbnRcL3VwbG9hZHNcLzIwMjVcLzA0XC9TY2hlZGFfRWxfU2FsdmFkb3JfcmV0cm9fVEVELmpwZyJ9\">\n\t\t\t\t\t\t\t<img fetchpriority=\"high\" decoding=\"async\" width=\"1039\" height=\"1039\" src=\"https:\/\/www.manifatturaitalianadelcaffe.it\/wp-content\/uploads\/2025\/04\/Scheda_El_Salvador_retro_TED.jpg\" class=\"attachment-full size-full wp-image-5409\" alt=\"\" srcset=\"https:\/\/www.manifatturaitalianadelcaffe.it\/wp-content\/uploads\/2025\/04\/Scheda_El_Salvador_retro_TED.jpg 1039w, https:\/\/www.manifatturaitalianadelcaffe.it\/wp-content\/uploads\/2025\/04\/Scheda_El_Salvador_retro_TED-300x300.jpg 300w, https:\/\/www.manifatturaitalianadelcaffe.it\/wp-content\/uploads\/2025\/04\/Scheda_El_Salvador_retro_TED-1024x1024.jpg 1024w, https:\/\/www.manifatturaitalianadelcaffe.it\/wp-content\/uploads\/2025\/04\/Scheda_El_Salvador_retro_TED-150x150.jpg 150w, https:\/\/www.manifatturaitalianadelcaffe.it\/wp-content\/uploads\/2025\/04\/Scheda_El_Salvador_retro_TED-768x768.jpg 768w\" sizes=\"(max-width: 1039px) 100vw, 1039px\" \/>\t\t\t\t\t\t\t\t<\/a>\n\t\t\t\t\t\t\t\t\t\t\t\t\t\t\t<\/div>\n\t\t\t\t<\/div>\n\t\t\t\t<div class=\"elementor-element elementor-element-b93ba88 elementor-widget elementor-widget-image\" data-id=\"b93ba88\" data-element_type=\"widget\" data-widget_type=\"image.default\">\n\t\t\t\t<div class=\"elementor-widget-container\">\n\t\t\t\t\t\t\t\t\t\t\t\t\t\t\t\t<a href=\"https:\/\/www.manifatturaitalianadelcaffe.it\/wp-content\/uploads\/2023\/07\/Scheda_El_Salvador_S.H.G._tedesco2-scaled.jpg\" data-elementor-open-lightbox=\"yes\" data-e-action-hash=\"#elementor-action%3Aaction%3Dlightbox%26settings%3DeyJpZCI6NDI5NywidXJsIjoiaHR0cHM6XC9cL3d3dy5tYW5pZmF0dHVyYWl0YWxpYW5hZGVsY2FmZmUuaXRcL3dwLWNvbnRlbnRcL3VwbG9hZHNcLzIwMjNcLzA3XC9TY2hlZGFfRWxfU2FsdmFkb3JfUy5ILkcuX3RlZGVzY28yLXNjYWxlZC5qcGcifQ%3D%3D\">\n\t\t\t\t\t\t\t<img decoding=\"async\" width=\"2560\" height=\"2560\" src=\"https:\/\/www.manifatturaitalianadelcaffe.it\/wp-content\/uploads\/2023\/07\/Scheda_El_Salvador_S.H.G._tedesco2-scaled.jpg\" class=\"attachment-full size-full wp-image-4297\" alt=\"\" srcset=\"https:\/\/www.manifatturaitalianadelcaffe.it\/wp-content\/uploads\/2023\/07\/Scheda_El_Salvador_S.H.G._tedesco2-scaled.jpg 2560w, https:\/\/www.manifatturaitalianadelcaffe.it\/wp-content\/uploads\/2023\/07\/Scheda_El_Salvador_S.H.G._tedesco2-300x300.jpg 300w, https:\/\/www.manifatturaitalianadelcaffe.it\/wp-content\/uploads\/2023\/07\/Scheda_El_Salvador_S.H.G._tedesco2-1024x1024.jpg 1024w, https:\/\/www.manifatturaitalianadelcaffe.it\/wp-content\/uploads\/2023\/07\/Scheda_El_Salvador_S.H.G._tedesco2-150x150.jpg 150w, https:\/\/www.manifatturaitalianadelcaffe.it\/wp-content\/uploads\/2023\/07\/Scheda_El_Salvador_S.H.G._tedesco2-768x768.jpg 768w, https:\/\/www.manifatturaitalianadelcaffe.it\/wp-content\/uploads\/2023\/07\/Scheda_El_Salvador_S.H.G._tedesco2-1536x1536.jpg 1536w, https:\/\/www.manifatturaitalianadelcaffe.it\/wp-content\/uploads\/2023\/07\/Scheda_El_Salvador_S.H.G._tedesco2-2048x2048.jpg 2048w\" sizes=\"(max-width: 2560px) 100vw, 2560px\" \/>\t\t\t\t\t\t\t\t<\/a>\n\t\t\t\t\t\t\t\t\t\t\t\t\t\t\t<\/div>\n\t\t\t\t<\/div>\n\t\t\t\t\t<\/div>\n\t\t<\/div>\n\t\t\t\t<div class=\"elementor-column elementor-col-50 elementor-top-column elementor-element elementor-element-af6da6f\" data-id=\"af6da6f\" data-element_type=\"column\">\n\t\t\t<div class=\"elementor-widget-wrap elementor-element-populated\">\n\t\t\t\t\t\t<div class=\"elementor-element elementor-element-962dbb1 elementor-widget elementor-widget-text-editor\" data-id=\"962dbb1\" data-element_type=\"widget\" data-widget_type=\"text-editor.default\">\n\t\t\t\t<div class=\"elementor-widget-container\">\n\t\t\t\t\t\t\t\t\t<p><strong>FAMILIE:<\/strong><br \/>Rubiaceae<\/p><p><strong>GATTUNG:<\/strong><br \/>Coffea<\/p><p><strong>SORTE:<\/strong><br \/>Arabica<\/p><p><strong>VARIET\u00c4T:<\/strong><br \/>Bourbon<\/p><p><strong>HERKUNFT:<\/strong><br \/>\u00d6stliche Zentralregion des Landes, Departement San Vincente. Wird an den H\u00e4ngen des gleichnamigen Vulkans angebaut.<\/p><p><strong>H\u00d6HE:<\/strong><br \/>1.300-1.400 m. \u00fc.d.M<\/p><p><strong>SORTIERSIEB:<\/strong><br \/>17+ S.H.G. (Strictly High Grown)<\/p><p><strong>ERNTEZEITRAUM:<\/strong><br \/>Dezember &#8211; Januar<\/p><p><strong>ZUBEREITUNG:<\/strong><br \/>Durch Nassg\u00e4rung. Man erh\u00e4lt einen &#8222;gewaschenen&#8220; Kaffee. Anschlie\u00dfend wird es zum Trocknen in die Sonne gelegt.<\/p><p><strong>BESCHREIBUNG:<\/strong><br \/>Feine Haselnusscreme mit r\u00f6tlichen Reflexen. Intensives Aroma, gefolgt von einer guten und angenehmen S\u00e4ure. Er zeigt recht anhaltende Noten von Zitrusfr\u00fcchten und Honig.<\/p>\t\t\t\t\t\t\t\t<\/div>\n\t\t\t\t<\/div>\n\t\t\t\t\t<\/div>\n\t\t<\/div>\n\t\t\t\t\t<\/div>\n\t\t<\/section>\n\t\t\t\t<section class=\"elementor-section elementor-top-section elementor-element elementor-element-e63d666 elementor-section-height-min-height elementor-section-boxed elementor-section-height-default elementor-section-items-middle\" data-id=\"e63d666\" data-element_type=\"section\" data-settings=\"{&quot;background_background&quot;:&quot;classic&quot;}\">\n\t\t\t\t\t\t\t<div class=\"elementor-background-overlay\"><\/div>\n\t\t\t\t\t\t\t<div class=\"elementor-container elementor-column-gap-no\">\n\t\t\t\t\t<div class=\"elementor-column elementor-col-100 elementor-top-column elementor-element elementor-element-c1a7254\" data-id=\"c1a7254\" data-element_type=\"column\">\n\t\t\t<div class=\"elementor-widget-wrap elementor-element-populated\">\n\t\t\t\t\t\t<div class=\"elementor-element elementor-element-ba7f3a0 elementor-widget elementor-widget-heading\" data-id=\"ba7f3a0\" data-element_type=\"widget\" data-widget_type=\"heading.default\">\n\t\t\t\t<div class=\"elementor-widget-container\">\n\t\t\t\t\t<h2 class=\"elementor-heading-title elementor-size-default\">Entdecken Sie die anderen single origins<\/h2>\t\t\t\t<\/div>\n\t\t\t\t<\/div>\n\t\t\t\t<div class=\"elementor-element elementor-element-d138f9d elementor-align-center elementor-widget elementor-widget-button\" data-id=\"d138f9d\" data-element_type=\"widget\" data-widget_type=\"button.default\">\n\t\t\t\t<div class=\"elementor-widget-container\">\n\t\t\t\t\t\t\t\t\t<div class=\"elementor-button-wrapper\">\n\t\t\t\t\t<a class=\"elementor-button elementor-button-link elementor-size-sm elementor-animation-grow\" href=\"https:\/\/www.manifatturaitalianadelcaffe.it\/de\/monoselezioni\/\">\n\t\t\t\t\t\t<span class=\"elementor-button-content-wrapper\">\n\t\t\t\t\t\t\t\t\t<span class=\"elementor-button-text\">Weitere Informationen<\/span>\n\t\t\t\t\t<\/span>\n\t\t\t\t\t<\/a>\n\t\t\t\t<\/div>\n\t\t\t\t\t\t\t\t<\/div>\n\t\t\t\t<\/div>\n\t\t\t\t\t<\/div>\n\t\t<\/div>\n\t\t\t\t\t<\/div>\n\t\t<\/section>\n\t\t\t\t<section class=\"elementor-section elementor-top-section elementor-element elementor-element-c4e2944 elementor-section-boxed elementor-section-height-default elementor-section-height-default\" data-id=\"c4e2944\" data-element_type=\"section\">\n\t\t\t\t\t\t<div class=\"elementor-container elementor-column-gap-default\">\n\t\t\t\t\t<div class=\"elementor-column elementor-col-33 elementor-top-column elementor-element elementor-element-18431e5\" data-id=\"18431e5\" data-element_type=\"column\">\n\t\t\t<div class=\"elementor-widget-wrap elementor-element-populated\">\n\t\t\t\t\t\t<div class=\"elementor-element elementor-element-cfc5902 elementor-widget elementor-widget-image\" data-id=\"cfc5902\" data-element_type=\"widget\" data-widget_type=\"image.default\">\n\t\t\t\t<div class=\"elementor-widget-container\">\n\t\t\t\t\t\t\t\t\t\t\t\t\t\t\t<img decoding=\"async\" width=\"2027\" height=\"1917\" src=\"https:\/\/www.manifatturaitalianadelcaffe.it\/wp-content\/uploads\/2023\/08\/Logo-manifattura-tedesco.png\" class=\"attachment-full size-full wp-image-4883\" alt=\"\" srcset=\"https:\/\/www.manifatturaitalianadelcaffe.it\/wp-content\/uploads\/2023\/08\/Logo-manifattura-tedesco.png 2027w, https:\/\/www.manifatturaitalianadelcaffe.it\/wp-content\/uploads\/2023\/08\/Logo-manifattura-tedesco-300x284.png 300w, https:\/\/www.manifatturaitalianadelcaffe.it\/wp-content\/uploads\/2023\/08\/Logo-manifattura-tedesco-1024x968.png 1024w, https:\/\/www.manifatturaitalianadelcaffe.it\/wp-content\/uploads\/2023\/08\/Logo-manifattura-tedesco-768x726.png 768w, https:\/\/www.manifatturaitalianadelcaffe.it\/wp-content\/uploads\/2023\/08\/Logo-manifattura-tedesco-1536x1453.png 1536w\" sizes=\"(max-width: 2027px) 100vw, 2027px\" \/>\t\t\t\t\t\t\t\t\t\t\t\t\t\t\t<\/div>\n\t\t\t\t<\/div>\n\t\t\t\t\t<\/div>\n\t\t<\/div>\n\t\t\t\t<div class=\"elementor-column elementor-col-33 elementor-top-column elementor-element elementor-element-53dd410\" data-id=\"53dd410\" data-element_type=\"column\">\n\t\t\t<div class=\"elementor-widget-wrap elementor-element-populated\">\n\t\t\t\t\t\t<div class=\"elementor-element elementor-element-bbf5aa4 elementor-widget elementor-widget-heading\" data-id=\"bbf5aa4\" data-element_type=\"widget\" data-widget_type=\"heading.default\">\n\t\t\t\t<div class=\"elementor-widget-container\">\n\t\t\t\t\t<h2 class=\"elementor-heading-title elementor-size-default\">Manifattura Italiana del caff\u00e8<\/h2>\t\t\t\t<\/div>\n\t\t\t\t<\/div>\n\t\t\t\t<div class=\"elementor-element elementor-element-fe2f258 elementor-widget elementor-widget-text-editor\" data-id=\"fe2f258\" data-element_type=\"widget\" data-widget_type=\"text-editor.default\">\n\t\t\t\t<div class=\"elementor-widget-container\">\n\t\t\t\t\t\t\t\t\t<p>Ist eine Marke von Bin Caff\u00e8 s.r.l<br \/>Societ\u00e0 unipersonale<br \/>P.IVA 00584460265<br \/>Via Treviso 72<br \/>31040 Trevignano (TV)<br \/>Tel. 0423 677106<\/p>\t\t\t\t\t\t\t\t<\/div>\n\t\t\t\t<\/div>\n\t\t\t\t\t<\/div>\n\t\t<\/div>\n\t\t\t\t<div class=\"elementor-column elementor-col-33 elementor-top-column elementor-element elementor-element-0cb55e3\" data-id=\"0cb55e3\" data-element_type=\"column\">\n\t\t\t<div class=\"elementor-widget-wrap elementor-element-populated\">\n\t\t\t\t\t\t<div class=\"elementor-element elementor-element-dd6f9e5 elementor-widget elementor-widget-heading\" data-id=\"dd6f9e5\" data-element_type=\"widget\" data-widget_type=\"heading.default\">\n\t\t\t\t<div class=\"elementor-widget-container\">\n\t\t\t\t\t<h2 class=\"elementor-heading-title elementor-size-default\">Legal<\/h2>\t\t\t\t<\/div>\n\t\t\t\t<\/div>\n\t\t\t\t<div class=\"elementor-element elementor-element-51ee490 elementor-widget elementor-widget-text-editor\" data-id=\"51ee490\" data-element_type=\"widget\" data-widget_type=\"text-editor.default\">\n\t\t\t\t<div class=\"elementor-widget-container\">\n\t\t\t\t\t\t\t\t\t<p><a href=\"https:\/\/www.manifatturaitalianadelcaffe.it\/de\/datenschutzerklarung\/\">Privacy policy<\/a><\/p>\t\t\t\t\t\t\t\t<\/div>\n\t\t\t\t<\/div>\n\t\t\t\t\t<\/div>\n\t\t<\/div>\n\t\t\t\t\t<\/div>\n\t\t<\/section>\n\t\t\t\t<\/div>\n\t\t","protected":false},"excerpt":{"rendered":"<p>El Salvador Bourbon FAMILIE:Rubiaceae GATTUNG:Coffea SORTE:Arabica VARIET\u00c4T:Bourbon HERKUNFT:\u00d6stliche Zentralregion des Landes, Departement San Vincente. Wird an den H\u00e4ngen des gleichnamigen Vulkans angebaut. H\u00d6HE:1.300-1.400 m. \u00fc.d.M SORTIERSIEB:17+ S.H.G. (Strictly High Grown) ERNTEZEITRAUM:Dezember &#8211; Januar ZUBEREITUNG:Durch Nassg\u00e4rung. Man erh\u00e4lt einen &#8222;gewaschenen&#8220; Kaffee. Anschlie\u00dfend wird es zum Trocknen in die Sonne gelegt. BESCHREIBUNG:Feine Haselnusscreme mit r\u00f6tlichen Reflexen. Intensives [&hellip;]<\/p>\n","protected":false},"author":1,"featured_media":3255,"parent":2510,"menu_order":0,"comment_status":"closed","ping_status":"closed","template":"","meta":{"site-sidebar-layout":"no-sidebar","site-content-layout":"page-builder","ast-site-content-layout":"full-width-container","site-content-style":"unboxed","site-sidebar-style":"unboxed","ast-global-header-display":"","ast-banner-title-visibility":"","ast-main-header-display":"","ast-hfb-above-header-display":"","ast-hfb-below-header-display":"","ast-hfb-mobile-header-display":"","site-post-title":"disabled","ast-breadcrumbs-content":"","ast-featured-img":"disabled","footer-sml-layout":"","theme-transparent-header-meta":"enabled","adv-header-id-meta":"","stick-header-meta":"","header-above-stick-meta":"","header-main-stick-meta":"","header-below-stick-meta":"","astra-migrate-meta-layouts":"set","ast-page-background-enabled":"default","ast-page-background-meta":{"desktop":{"background-color":"","background-image":"","background-repeat":"repeat","background-position":"center center","background-size":"auto","background-attachment":"scroll","background-type":"","background-media":"","overlay-type":"","overlay-color":"","overlay-opacity":"","overlay-gradient":""},"tablet":{"background-color":"","background-image":"","background-repeat":"repeat","background-position":"center center","background-size":"auto","background-attachment":"scroll","background-type":"","background-media":"","overlay-type":"","overlay-color":"","overlay-opacity":"","overlay-gradient":""},"mobile":{"background-color":"","background-image":"","background-repeat":"repeat","background-position":"center center","background-size":"auto","background-attachment":"scroll","background-type":"","background-media":"","overlay-type":"","overlay-color":"","overlay-opacity":"","overlay-gradient":""}},"ast-content-background-meta":{"desktop":{"background-color":"var(--ast-global-color-5)","background-image":"","background-repeat":"repeat","background-position":"center center","background-size":"auto","background-attachment":"scroll","background-type":"","background-media":"","overlay-type":"","overlay-color":"","overlay-opacity":"","overlay-gradient":""},"tablet":{"background-color":"var(--ast-global-color-5)","background-image":"","background-repeat":"repeat","background-position":"center center","background-size":"auto","background-attachment":"scroll","background-type":"","background-media":"","overlay-type":"","overlay-color":"","overlay-opacity":"","overlay-gradient":""},"mobile":{"background-color":"var(--ast-global-color-5)","background-image":"","background-repeat":"repeat","background-position":"center center","background-size":"auto","background-attachment":"scroll","background-type":"","background-media":"","overlay-type":"","overlay-color":"","overlay-opacity":"","overlay-gradient":""}},"footnotes":""},"class_list":["post-2523","page","type-page","status-publish","has-post-thumbnail","hentry"],"_links":{"self":[{"href":"https:\/\/www.manifatturaitalianadelcaffe.it\/de\/wp-json\/wp\/v2\/pages\/2523","targetHints":{"allow":["GET"]}}],"collection":[{"href":"https:\/\/www.manifatturaitalianadelcaffe.it\/de\/wp-json\/wp\/v2\/pages"}],"about":[{"href":"https:\/\/www.manifatturaitalianadelcaffe.it\/de\/wp-json\/wp\/v2\/types\/page"}],"author":[{"embeddable":true,"href":"https:\/\/www.manifatturaitalianadelcaffe.it\/de\/wp-json\/wp\/v2\/users\/1"}],"replies":[{"embeddable":true,"href":"https:\/\/www.manifatturaitalianadelcaffe.it\/de\/wp-json\/wp\/v2\/comments?post=2523"}],"version-history":[{"count":58,"href":"https:\/\/www.manifatturaitalianadelcaffe.it\/de\/wp-json\/wp\/v2\/pages\/2523\/revisions"}],"predecessor-version":[{"id":5414,"href":"https:\/\/www.manifatturaitalianadelcaffe.it\/de\/wp-json\/wp\/v2\/pages\/2523\/revisions\/5414"}],"up":[{"embeddable":true,"href":"https:\/\/www.manifatturaitalianadelcaffe.it\/de\/wp-json\/wp\/v2\/pages\/2510"}],"wp:featuredmedia":[{"embeddable":true,"href":"https:\/\/www.manifatturaitalianadelcaffe.it\/de\/wp-json\/wp\/v2\/media\/3255"}],"wp:attachment":[{"href":"https:\/\/www.manifatturaitalianadelcaffe.it\/de\/wp-json\/wp\/v2\/media?parent=2523"}],"curies":[{"name":"wp","href":"https:\/\/api.w.org\/{rel}","templated":true}]}}