{"id":2512,"date":"2023-04-26T12:38:50","date_gmt":"2023-04-26T12:38:50","guid":{"rendered":"https:\/\/manifatturaitalianadelcaffe.136-244-100-128.plesk.page\/monoselektionen\/aethiopien-sidamo-gr-2\/"},"modified":"2025-04-15T10:00:16","modified_gmt":"2025-04-15T10:00:16","slug":"etiopia-sidamo-gr-2","status":"publish","type":"page","link":"https:\/\/www.manifatturaitalianadelcaffe.it\/de\/single-origins\/etiopia-sidamo-gr-2\/","title":{"rendered":"Etiopia Sidamo Gr.2"},"content":{"rendered":"\t\t<div data-elementor-type=\"wp-page\" data-elementor-id=\"2512\" class=\"elementor elementor-2512 elementor-1428\" data-elementor-post-type=\"page\">\n\t\t\t\t\t\t<section class=\"elementor-section elementor-top-section elementor-element elementor-element-8af6fe3 elementor-section-height-min-height elementor-section-boxed elementor-section-height-default elementor-section-items-middle\" data-id=\"8af6fe3\" data-element_type=\"section\" data-settings=\"{&quot;background_background&quot;:&quot;classic&quot;}\">\n\t\t\t\t\t\t\t<div class=\"elementor-background-overlay\"><\/div>\n\t\t\t\t\t\t\t<div class=\"elementor-container elementor-column-gap-no\">\n\t\t\t\t\t<div class=\"elementor-column elementor-col-100 elementor-top-column elementor-element elementor-element-d2f7e8f\" data-id=\"d2f7e8f\" data-element_type=\"column\">\n\t\t\t<div class=\"elementor-widget-wrap elementor-element-populated\">\n\t\t\t\t\t\t<div class=\"elementor-element elementor-element-60b1c67 elementor-invisible elementor-widget elementor-widget-heading\" data-id=\"60b1c67\" data-element_type=\"widget\" data-settings=\"{&quot;_animation&quot;:&quot;fadeIn&quot;}\" data-widget_type=\"heading.default\">\n\t\t\t\t<div class=\"elementor-widget-container\">\n\t\t\t\t\t<h2 class=\"elementor-heading-title elementor-size-default\">Etiopia Sidamo Gr.2<\/h2>\t\t\t\t<\/div>\n\t\t\t\t<\/div>\n\t\t\t\t\t<\/div>\n\t\t<\/div>\n\t\t\t\t\t<\/div>\n\t\t<\/section>\n\t\t\t\t<section class=\"elementor-section elementor-top-section elementor-element elementor-element-9809f9c elementor-section-boxed elementor-section-height-default elementor-section-height-default\" data-id=\"9809f9c\" data-element_type=\"section\">\n\t\t\t\t\t\t<div class=\"elementor-container elementor-column-gap-default\">\n\t\t\t\t\t<div class=\"elementor-column elementor-col-50 elementor-top-column elementor-element elementor-element-5e91b4d\" data-id=\"5e91b4d\" data-element_type=\"column\">\n\t\t\t<div class=\"elementor-widget-wrap elementor-element-populated\">\n\t\t\t\t\t\t<div class=\"elementor-element elementor-element-6d7aa27 elementor-widget elementor-widget-image\" data-id=\"6d7aa27\" data-element_type=\"widget\" data-widget_type=\"image.default\">\n\t\t\t\t<div class=\"elementor-widget-container\">\n\t\t\t\t\t\t\t\t\t\t\t\t\t\t\t\t<a href=\"https:\/\/www.manifatturaitalianadelcaffe.it\/wp-content\/uploads\/2025\/04\/Scheda_Etiopia_Sidamo_gr2_TED.jpg\" data-elementor-open-lightbox=\"yes\" data-elementor-lightbox-title=\"Scheda_Etiopia_Sidamo_gr2_TED\" data-e-action-hash=\"#elementor-action%3Aaction%3Dlightbox%26settings%3DeyJpZCI6NTQyNywidXJsIjoiaHR0cHM6XC9cL3d3dy5tYW5pZmF0dHVyYWl0YWxpYW5hZGVsY2FmZmUuaXRcL3dwLWNvbnRlbnRcL3VwbG9hZHNcLzIwMjVcLzA0XC9TY2hlZGFfRXRpb3BpYV9TaWRhbW9fZ3IyX1RFRC5qcGcifQ%3D%3D\">\n\t\t\t\t\t\t\t<img fetchpriority=\"high\" decoding=\"async\" width=\"1039\" height=\"1039\" src=\"https:\/\/www.manifatturaitalianadelcaffe.it\/wp-content\/uploads\/2025\/04\/Scheda_Etiopia_Sidamo_gr2_TED.jpg\" class=\"attachment-full size-full wp-image-5427\" alt=\"\" srcset=\"https:\/\/www.manifatturaitalianadelcaffe.it\/wp-content\/uploads\/2025\/04\/Scheda_Etiopia_Sidamo_gr2_TED.jpg 1039w, https:\/\/www.manifatturaitalianadelcaffe.it\/wp-content\/uploads\/2025\/04\/Scheda_Etiopia_Sidamo_gr2_TED-300x300.jpg 300w, https:\/\/www.manifatturaitalianadelcaffe.it\/wp-content\/uploads\/2025\/04\/Scheda_Etiopia_Sidamo_gr2_TED-1024x1024.jpg 1024w, https:\/\/www.manifatturaitalianadelcaffe.it\/wp-content\/uploads\/2025\/04\/Scheda_Etiopia_Sidamo_gr2_TED-150x150.jpg 150w, https:\/\/www.manifatturaitalianadelcaffe.it\/wp-content\/uploads\/2025\/04\/Scheda_Etiopia_Sidamo_gr2_TED-768x768.jpg 768w\" sizes=\"(max-width: 1039px) 100vw, 1039px\" \/>\t\t\t\t\t\t\t\t<\/a>\n\t\t\t\t\t\t\t\t\t\t\t\t\t\t\t<\/div>\n\t\t\t\t<\/div>\n\t\t\t\t<div class=\"elementor-element elementor-element-85ea419 elementor-widget elementor-widget-image\" data-id=\"85ea419\" data-element_type=\"widget\" data-widget_type=\"image.default\">\n\t\t\t\t<div class=\"elementor-widget-container\">\n\t\t\t\t\t\t\t\t\t\t\t\t\t\t\t\t<a href=\"https:\/\/www.manifatturaitalianadelcaffe.it\/wp-content\/uploads\/2023\/07\/Scheda_Etiopia_Sidamo_GR2_tedesco2-scaled.jpg\" data-elementor-open-lightbox=\"yes\" data-elementor-lightbox-title=\"Scheda_Etiopia_Sidamo_GR2_tedesco2\" data-e-action-hash=\"#elementor-action%3Aaction%3Dlightbox%26settings%3DeyJpZCI6NDMxNSwidXJsIjoiaHR0cHM6XC9cL3d3dy5tYW5pZmF0dHVyYWl0YWxpYW5hZGVsY2FmZmUuaXRcL3dwLWNvbnRlbnRcL3VwbG9hZHNcLzIwMjNcLzA3XC9TY2hlZGFfRXRpb3BpYV9TaWRhbW9fR1IyX3RlZGVzY28yLXNjYWxlZC5qcGcifQ%3D%3D\">\n\t\t\t\t\t\t\t<img decoding=\"async\" width=\"2560\" height=\"2560\" src=\"https:\/\/www.manifatturaitalianadelcaffe.it\/wp-content\/uploads\/2023\/07\/Scheda_Etiopia_Sidamo_GR2_tedesco2-scaled.jpg\" class=\"attachment-full size-full wp-image-4315\" alt=\"\" srcset=\"https:\/\/www.manifatturaitalianadelcaffe.it\/wp-content\/uploads\/2023\/07\/Scheda_Etiopia_Sidamo_GR2_tedesco2-scaled.jpg 2560w, https:\/\/www.manifatturaitalianadelcaffe.it\/wp-content\/uploads\/2023\/07\/Scheda_Etiopia_Sidamo_GR2_tedesco2-300x300.jpg 300w, https:\/\/www.manifatturaitalianadelcaffe.it\/wp-content\/uploads\/2023\/07\/Scheda_Etiopia_Sidamo_GR2_tedesco2-1024x1024.jpg 1024w, https:\/\/www.manifatturaitalianadelcaffe.it\/wp-content\/uploads\/2023\/07\/Scheda_Etiopia_Sidamo_GR2_tedesco2-150x150.jpg 150w, https:\/\/www.manifatturaitalianadelcaffe.it\/wp-content\/uploads\/2023\/07\/Scheda_Etiopia_Sidamo_GR2_tedesco2-768x768.jpg 768w, https:\/\/www.manifatturaitalianadelcaffe.it\/wp-content\/uploads\/2023\/07\/Scheda_Etiopia_Sidamo_GR2_tedesco2-1536x1536.jpg 1536w, https:\/\/www.manifatturaitalianadelcaffe.it\/wp-content\/uploads\/2023\/07\/Scheda_Etiopia_Sidamo_GR2_tedesco2-2048x2048.jpg 2048w\" sizes=\"(max-width: 2560px) 100vw, 2560px\" \/>\t\t\t\t\t\t\t\t<\/a>\n\t\t\t\t\t\t\t\t\t\t\t\t\t\t\t<\/div>\n\t\t\t\t<\/div>\n\t\t\t\t\t<\/div>\n\t\t<\/div>\n\t\t\t\t<div class=\"elementor-column elementor-col-50 elementor-top-column elementor-element elementor-element-e04bc52\" data-id=\"e04bc52\" data-element_type=\"column\">\n\t\t\t<div class=\"elementor-widget-wrap elementor-element-populated\">\n\t\t\t\t\t\t<div class=\"elementor-element elementor-element-65957f4 elementor-widget elementor-widget-text-editor\" data-id=\"65957f4\" data-element_type=\"widget\" data-widget_type=\"text-editor.default\">\n\t\t\t\t<div class=\"elementor-widget-container\">\n\t\t\t\t\t\t\t\t\t<p><strong>FAMILIE:<\/strong><br \/>Rubiacee<\/p><p><strong>GATTUNG:<\/strong><br \/>Coffea<\/p><p><strong>SORTE:<\/strong><br \/>Arabica<\/p><p><strong>VARIET\u00c4T:<\/strong><br \/>Typica<\/p><p><strong>HERKUNFT:<\/strong><br \/>Afrika, s\u00fcdlich-zentraler Teil des Landes, an der Grenze zu Kenia und Somalia, einschlie\u00dflich des oberen Daua-Parma-Beckens und eines gro\u00dfen Teils der Region der Seen. Die Besonderheit dieses Kaffees besteht darin, dass er oft in kleinen Parzellen vieler Kleinerzeuger und lokaler Familien und nicht in gro\u00dfen Plantagen angebaut wird.<\/p><p><strong>H\u00d6HE:<\/strong><br \/>1.800 m \u00fc.d.M.<\/p><p><strong>SORTIERSIEB:<\/strong><br \/>Nicht bestimmt. Der Gr\u00f6\u00dfe des Korns wird keine Bedeutung beigemessen, so dass es klein ist. Es wird nach der Anzahl der Fehler pro 300 g eingestuft. Gr. 2 = 4-12 M\u00e4ngel.<\/p><p><strong>ERNTEZEITRAUM:<\/strong><br \/>Oktober &#8211; Januar<\/p><p><strong>ZUBEREITUNG:<\/strong><br \/>Nass mit Fermentation. Man erh\u00e4lt einen &#8222;gewaschenen&#8220; Kaffee. Anschlie\u00dfend wird er zum Trocknen in die Sonne gelegt.<\/p><p><strong>BESCHREIBUNG:<\/strong><br \/>Feine, haselnussfarbene Creme mit dunkelbraunen Flecken. Intensives und kr\u00e4ftiges Aroma. Mittlerer bis geringer S\u00e4uregehalt. Mit blumigen Noten. Gute taktile Ausgewogenheit, Nachgeschmack von Gew\u00fcrzen, Lakritze und Kr\u00e4utern. Schlie\u00dft mit einem Hauch von Wildheit.<\/p>\t\t\t\t\t\t\t\t<\/div>\n\t\t\t\t<\/div>\n\t\t\t\t\t<\/div>\n\t\t<\/div>\n\t\t\t\t\t<\/div>\n\t\t<\/section>\n\t\t\t\t<section class=\"elementor-section elementor-top-section elementor-element elementor-element-e63d666 elementor-section-height-min-height elementor-section-boxed elementor-section-height-default elementor-section-items-middle\" data-id=\"e63d666\" data-element_type=\"section\" data-settings=\"{&quot;background_background&quot;:&quot;classic&quot;}\">\n\t\t\t\t\t\t\t<div class=\"elementor-background-overlay\"><\/div>\n\t\t\t\t\t\t\t<div class=\"elementor-container elementor-column-gap-no\">\n\t\t\t\t\t<div class=\"elementor-column elementor-col-100 elementor-top-column elementor-element elementor-element-c1a7254\" data-id=\"c1a7254\" data-element_type=\"column\">\n\t\t\t<div class=\"elementor-widget-wrap elementor-element-populated\">\n\t\t\t\t\t\t<div class=\"elementor-element elementor-element-ba7f3a0 elementor-widget elementor-widget-heading\" data-id=\"ba7f3a0\" data-element_type=\"widget\" data-widget_type=\"heading.default\">\n\t\t\t\t<div class=\"elementor-widget-container\">\n\t\t\t\t\t<h2 class=\"elementor-heading-title elementor-size-default\">Entdecken Sie die anderen single origins<\/h2>\t\t\t\t<\/div>\n\t\t\t\t<\/div>\n\t\t\t\t<div class=\"elementor-element elementor-element-0f5b402 elementor-align-center elementor-widget elementor-widget-button\" data-id=\"0f5b402\" data-element_type=\"widget\" data-widget_type=\"button.default\">\n\t\t\t\t<div class=\"elementor-widget-container\">\n\t\t\t\t\t\t\t\t\t<div class=\"elementor-button-wrapper\">\n\t\t\t\t\t<a class=\"elementor-button elementor-button-link elementor-size-sm elementor-animation-grow\" href=\"https:\/\/www.manifatturaitalianadelcaffe.it\/de\/monoselezioni\/\">\n\t\t\t\t\t\t<span class=\"elementor-button-content-wrapper\">\n\t\t\t\t\t\t\t\t\t<span class=\"elementor-button-text\">Weitere Informationen<\/span>\n\t\t\t\t\t<\/span>\n\t\t\t\t\t<\/a>\n\t\t\t\t<\/div>\n\t\t\t\t\t\t\t\t<\/div>\n\t\t\t\t<\/div>\n\t\t\t\t\t<\/div>\n\t\t<\/div>\n\t\t\t\t\t<\/div>\n\t\t<\/section>\n\t\t\t\t<section class=\"elementor-section elementor-top-section elementor-element elementor-element-6a21743 elementor-section-boxed elementor-section-height-default elementor-section-height-default\" data-id=\"6a21743\" data-element_type=\"section\">\n\t\t\t\t\t\t<div class=\"elementor-container elementor-column-gap-default\">\n\t\t\t\t\t<div class=\"elementor-column elementor-col-33 elementor-top-column elementor-element elementor-element-2dc883e\" data-id=\"2dc883e\" data-element_type=\"column\">\n\t\t\t<div class=\"elementor-widget-wrap elementor-element-populated\">\n\t\t\t\t\t\t<div class=\"elementor-element elementor-element-fb0bf77 elementor-widget elementor-widget-image\" data-id=\"fb0bf77\" data-element_type=\"widget\" data-widget_type=\"image.default\">\n\t\t\t\t<div class=\"elementor-widget-container\">\n\t\t\t\t\t\t\t\t\t\t\t\t\t\t\t<img decoding=\"async\" width=\"2027\" height=\"1917\" src=\"https:\/\/www.manifatturaitalianadelcaffe.it\/wp-content\/uploads\/2023\/08\/Logo-manifattura-tedesco.png\" class=\"attachment-full size-full wp-image-4883\" alt=\"\" srcset=\"https:\/\/www.manifatturaitalianadelcaffe.it\/wp-content\/uploads\/2023\/08\/Logo-manifattura-tedesco.png 2027w, https:\/\/www.manifatturaitalianadelcaffe.it\/wp-content\/uploads\/2023\/08\/Logo-manifattura-tedesco-300x284.png 300w, https:\/\/www.manifatturaitalianadelcaffe.it\/wp-content\/uploads\/2023\/08\/Logo-manifattura-tedesco-1024x968.png 1024w, https:\/\/www.manifatturaitalianadelcaffe.it\/wp-content\/uploads\/2023\/08\/Logo-manifattura-tedesco-768x726.png 768w, https:\/\/www.manifatturaitalianadelcaffe.it\/wp-content\/uploads\/2023\/08\/Logo-manifattura-tedesco-1536x1453.png 1536w\" sizes=\"(max-width: 2027px) 100vw, 2027px\" \/>\t\t\t\t\t\t\t\t\t\t\t\t\t\t\t<\/div>\n\t\t\t\t<\/div>\n\t\t\t\t\t<\/div>\n\t\t<\/div>\n\t\t\t\t<div class=\"elementor-column elementor-col-33 elementor-top-column elementor-element elementor-element-e3661e6\" data-id=\"e3661e6\" data-element_type=\"column\">\n\t\t\t<div class=\"elementor-widget-wrap elementor-element-populated\">\n\t\t\t\t\t\t<div class=\"elementor-element elementor-element-999dc30 elementor-widget elementor-widget-heading\" data-id=\"999dc30\" data-element_type=\"widget\" data-widget_type=\"heading.default\">\n\t\t\t\t<div class=\"elementor-widget-container\">\n\t\t\t\t\t<h2 class=\"elementor-heading-title elementor-size-default\">Manifattura Italiana del caff\u00e8<\/h2>\t\t\t\t<\/div>\n\t\t\t\t<\/div>\n\t\t\t\t<div class=\"elementor-element elementor-element-16578b3 elementor-widget elementor-widget-text-editor\" data-id=\"16578b3\" data-element_type=\"widget\" data-widget_type=\"text-editor.default\">\n\t\t\t\t<div class=\"elementor-widget-container\">\n\t\t\t\t\t\t\t\t\t<p>Ist eine Marke von Bin Caff\u00e8 s.r.l<br \/>Societ\u00e0 unipersonale<br \/>P.IVA 00584460265<br \/>Via Treviso 72<br \/>31040 Trevignano (TV)<br \/>Tel. 0423 677106<\/p>\t\t\t\t\t\t\t\t<\/div>\n\t\t\t\t<\/div>\n\t\t\t\t\t<\/div>\n\t\t<\/div>\n\t\t\t\t<div class=\"elementor-column elementor-col-33 elementor-top-column elementor-element elementor-element-1478180\" data-id=\"1478180\" data-element_type=\"column\">\n\t\t\t<div class=\"elementor-widget-wrap elementor-element-populated\">\n\t\t\t\t\t\t<div class=\"elementor-element elementor-element-5b9c4eb elementor-widget elementor-widget-heading\" data-id=\"5b9c4eb\" data-element_type=\"widget\" data-widget_type=\"heading.default\">\n\t\t\t\t<div class=\"elementor-widget-container\">\n\t\t\t\t\t<h2 class=\"elementor-heading-title elementor-size-default\">Legal<\/h2>\t\t\t\t<\/div>\n\t\t\t\t<\/div>\n\t\t\t\t<div class=\"elementor-element elementor-element-5fbfba2 elementor-widget elementor-widget-text-editor\" data-id=\"5fbfba2\" data-element_type=\"widget\" data-widget_type=\"text-editor.default\">\n\t\t\t\t<div class=\"elementor-widget-container\">\n\t\t\t\t\t\t\t\t\t<p><a href=\"https:\/\/www.manifatturaitalianadelcaffe.it\/de\/datenschutzerklarung\/\">Privacy policy<\/a><\/p>\t\t\t\t\t\t\t\t<\/div>\n\t\t\t\t<\/div>\n\t\t\t\t\t<\/div>\n\t\t<\/div>\n\t\t\t\t\t<\/div>\n\t\t<\/section>\n\t\t\t\t<\/div>\n\t\t","protected":false},"excerpt":{"rendered":"<p>Etiopia Sidamo Gr.2 FAMILIE:Rubiacee GATTUNG:Coffea SORTE:Arabica VARIET\u00c4T:Typica HERKUNFT:Afrika, s\u00fcdlich-zentraler Teil des Landes, an der Grenze zu Kenia und Somalia, einschlie\u00dflich des oberen Daua-Parma-Beckens und eines gro\u00dfen Teils der Region der Seen. Die Besonderheit dieses Kaffees besteht darin, dass er oft in kleinen Parzellen vieler Kleinerzeuger und lokaler Familien und nicht in gro\u00dfen Plantagen angebaut wird. [&hellip;]<\/p>\n","protected":false},"author":1,"featured_media":0,"parent":2510,"menu_order":0,"comment_status":"closed","ping_status":"closed","template":"","meta":{"site-sidebar-layout":"no-sidebar","site-content-layout":"page-builder","ast-site-content-layout":"default","site-content-style":"default","site-sidebar-style":"default","ast-global-header-display":"","ast-banner-title-visibility":"","ast-main-header-display":"","ast-hfb-above-header-display":"","ast-hfb-below-header-display":"","ast-hfb-mobile-header-display":"","site-post-title":"disabled","ast-breadcrumbs-content":"","ast-featured-img":"disabled","footer-sml-layout":"","theme-transparent-header-meta":"enabled","adv-header-id-meta":"","stick-header-meta":"","header-above-stick-meta":"","header-main-stick-meta":"","header-below-stick-meta":"","astra-migrate-meta-layouts":"default","ast-page-background-enabled":"default","ast-page-background-meta":{"desktop":{"background-color":"","background-image":"","background-repeat":"repeat","background-position":"center center","background-size":"auto","background-attachment":"scroll","background-type":"","background-media":"","overlay-type":"","overlay-color":"","overlay-opacity":"","overlay-gradient":""},"tablet":{"background-color":"","background-image":"","background-repeat":"repeat","background-position":"center center","background-size":"auto","background-attachment":"scroll","background-type":"","background-media":"","overlay-type":"","overlay-color":"","overlay-opacity":"","overlay-gradient":""},"mobile":{"background-color":"","background-image":"","background-repeat":"repeat","background-position":"center center","background-size":"auto","background-attachment":"scroll","background-type":"","background-media":"","overlay-type":"","overlay-color":"","overlay-opacity":"","overlay-gradient":""}},"ast-content-background-meta":{"desktop":{"background-color":"var(--ast-global-color-5)","background-image":"","background-repeat":"repeat","background-position":"center center","background-size":"auto","background-attachment":"scroll","background-type":"","background-media":"","overlay-type":"","overlay-color":"","overlay-opacity":"","overlay-gradient":""},"tablet":{"background-color":"var(--ast-global-color-5)","background-image":"","background-repeat":"repeat","background-position":"center center","background-size":"auto","background-attachment":"scroll","background-type":"","background-media":"","overlay-type":"","overlay-color":"","overlay-opacity":"","overlay-gradient":""},"mobile":{"background-color":"var(--ast-global-color-5)","background-image":"","background-repeat":"repeat","background-position":"center center","background-size":"auto","background-attachment":"scroll","background-type":"","background-media":"","overlay-type":"","overlay-color":"","overlay-opacity":"","overlay-gradient":""}},"footnotes":""},"class_list":["post-2512","page","type-page","status-publish","hentry"],"_links":{"self":[{"href":"https:\/\/www.manifatturaitalianadelcaffe.it\/de\/wp-json\/wp\/v2\/pages\/2512","targetHints":{"allow":["GET"]}}],"collection":[{"href":"https:\/\/www.manifatturaitalianadelcaffe.it\/de\/wp-json\/wp\/v2\/pages"}],"about":[{"href":"https:\/\/www.manifatturaitalianadelcaffe.it\/de\/wp-json\/wp\/v2\/types\/page"}],"author":[{"embeddable":true,"href":"https:\/\/www.manifatturaitalianadelcaffe.it\/de\/wp-json\/wp\/v2\/users\/1"}],"replies":[{"embeddable":true,"href":"https:\/\/www.manifatturaitalianadelcaffe.it\/de\/wp-json\/wp\/v2\/comments?post=2512"}],"version-history":[{"count":41,"href":"https:\/\/www.manifatturaitalianadelcaffe.it\/de\/wp-json\/wp\/v2\/pages\/2512\/revisions"}],"predecessor-version":[{"id":5432,"href":"https:\/\/www.manifatturaitalianadelcaffe.it\/de\/wp-json\/wp\/v2\/pages\/2512\/revisions\/5432"}],"up":[{"embeddable":true,"href":"https:\/\/www.manifatturaitalianadelcaffe.it\/de\/wp-json\/wp\/v2\/pages\/2510"}],"wp:attachment":[{"href":"https:\/\/www.manifatturaitalianadelcaffe.it\/de\/wp-json\/wp\/v2\/media?parent=2512"}],"curies":[{"name":"wp","href":"https:\/\/api.w.org\/{rel}","templated":true}]}}