{"id":2484,"date":"2023-01-10T13:17:46","date_gmt":"2023-01-10T13:17:46","guid":{"rendered":"https:\/\/manifatturaitalianadelcaffe.136-244-100-128.plesk.page\/kenia-aa\/"},"modified":"2026-05-15T09:53:25","modified_gmt":"2026-05-15T09:53:25","slug":"kenia-aa","status":"publish","type":"page","link":"https:\/\/www.manifatturaitalianadelcaffe.it\/de\/single-origins\/kenia-aa\/","title":{"rendered":"Kenia AA"},"content":{"rendered":"\t\t<div data-elementor-type=\"wp-page\" data-elementor-id=\"2484\" class=\"elementor elementor-2484 elementor-736\" data-elementor-post-type=\"page\">\n\t\t\t\t\t\t<section class=\"elementor-section elementor-top-section elementor-element elementor-element-8af6fe3 elementor-section-height-min-height elementor-section-boxed elementor-section-height-default elementor-section-items-middle\" data-id=\"8af6fe3\" data-element_type=\"section\" data-e-type=\"section\" data-settings=\"{&quot;background_background&quot;:&quot;classic&quot;}\">\n\t\t\t\t\t\t\t<div class=\"elementor-background-overlay\"><\/div>\n\t\t\t\t\t\t\t<div class=\"elementor-container elementor-column-gap-no\">\n\t\t\t\t\t<div class=\"elementor-column elementor-col-100 elementor-top-column elementor-element elementor-element-d2f7e8f\" data-id=\"d2f7e8f\" data-element_type=\"column\" data-e-type=\"column\">\n\t\t\t<div class=\"elementor-widget-wrap elementor-element-populated\">\n\t\t\t\t\t\t<div class=\"elementor-element elementor-element-60b1c67 elementor-widget elementor-widget-heading\" data-id=\"60b1c67\" data-element_type=\"widget\" data-e-type=\"widget\" data-widget_type=\"heading.default\">\n\t\t\t\t<div class=\"elementor-widget-container\">\n\t\t\t\t\t<h1 class=\"elementor-heading-title elementor-size-default\">Kenia AA<\/h1>\t\t\t\t<\/div>\n\t\t\t\t<\/div>\n\t\t\t\t\t<\/div>\n\t\t<\/div>\n\t\t\t\t\t<\/div>\n\t\t<\/section>\n\t\t\t\t<section class=\"elementor-section elementor-top-section elementor-element elementor-element-fa56fa8 elementor-section-boxed elementor-section-height-default elementor-section-height-default\" data-id=\"fa56fa8\" data-element_type=\"section\" data-e-type=\"section\">\n\t\t\t\t\t\t<div class=\"elementor-container elementor-column-gap-default\">\n\t\t\t\t\t<div class=\"elementor-column elementor-col-50 elementor-top-column elementor-element elementor-element-6ea9845\" data-id=\"6ea9845\" data-element_type=\"column\" data-e-type=\"column\">\n\t\t\t<div class=\"elementor-widget-wrap elementor-element-populated\">\n\t\t\t\t\t\t<div class=\"elementor-element elementor-element-dde88a0 elementor-widget elementor-widget-image-carousel\" data-id=\"dde88a0\" data-element_type=\"widget\" data-e-type=\"widget\" data-settings=\"{&quot;slides_to_show&quot;:&quot;1&quot;,&quot;navigation&quot;:&quot;none&quot;,&quot;autoplay&quot;:&quot;yes&quot;,&quot;pause_on_hover&quot;:&quot;yes&quot;,&quot;pause_on_interaction&quot;:&quot;yes&quot;,&quot;autoplay_speed&quot;:5000,&quot;infinite&quot;:&quot;yes&quot;,&quot;effect&quot;:&quot;slide&quot;,&quot;speed&quot;:500}\" data-widget_type=\"image-carousel.default\">\n\t\t\t\t<div class=\"elementor-widget-container\">\n\t\t\t\t\t\t\t<div class=\"elementor-image-carousel-wrapper swiper\" role=\"region\" aria-roledescription=\"carousel\" aria-label=\"Carosello d&#039;immagini\" dir=\"ltr\">\n\t\t\t<div class=\"elementor-image-carousel swiper-wrapper\" aria-live=\"off\">\n\t\t\t\t\t\t\t\t<div class=\"swiper-slide\" role=\"group\" aria-roledescription=\"slide\" aria-label=\"1 von 1\"><a data-elementor-open-lightbox=\"yes\" data-elementor-lightbox-slideshow=\"dde88a0\" data-e-action-hash=\"#elementor-action%3Aaction%3Dlightbox%26settings%3DeyJpZCI6MjM2OSwidXJsIjoiaHR0cHM6XC9cL3d3dy5tYW5pZmF0dHVyYWl0YWxpYW5hZGVsY2FmZmUuaXRcL3dwLWNvbnRlbnRcL3VwbG9hZHNcLzIwMjNcLzA3XC9TY2hlZGFfS2VuaWFfYWFfZnJvbnRlLmpwZyIsInNsaWRlc2hvdyI6ImRkZTg4YTAifQ%3D%3D\" href=\"https:\/\/www.manifatturaitalianadelcaffe.it\/wp-content\/uploads\/2023\/07\/Scheda_Kenia_aa_fronte.jpg\"><figure class=\"swiper-slide-inner\"><img decoding=\"async\" class=\"swiper-slide-image\" src=\"https:\/\/www.manifatturaitalianadelcaffe.it\/wp-content\/uploads\/2023\/07\/Scheda_Kenia_aa_fronte.jpg\" alt=\"Scheda Kenya AA\" \/><\/figure><\/a><\/div>\t\t\t<\/div>\n\t\t\t\t\t<\/div>\n\t\t\t\t\t\t<\/div>\n\t\t\t\t<\/div>\n\t\t\t\t<div class=\"elementor-element elementor-element-2e8c050 elementor-widget elementor-widget-image-carousel\" data-id=\"2e8c050\" data-element_type=\"widget\" data-e-type=\"widget\" data-settings=\"{&quot;slides_to_show&quot;:&quot;1&quot;,&quot;navigation&quot;:&quot;none&quot;,&quot;autoplay&quot;:&quot;yes&quot;,&quot;pause_on_hover&quot;:&quot;yes&quot;,&quot;pause_on_interaction&quot;:&quot;yes&quot;,&quot;autoplay_speed&quot;:5000,&quot;infinite&quot;:&quot;yes&quot;,&quot;effect&quot;:&quot;slide&quot;,&quot;speed&quot;:500}\" data-widget_type=\"image-carousel.default\">\n\t\t\t\t<div class=\"elementor-widget-container\">\n\t\t\t\t\t\t\t<div class=\"elementor-image-carousel-wrapper swiper\" role=\"region\" aria-roledescription=\"carousel\" aria-label=\"Carosello d&#039;immagini\" dir=\"ltr\">\n\t\t\t<div class=\"elementor-image-carousel swiper-wrapper\" aria-live=\"off\">\n\t\t\t\t\t\t\t\t<div class=\"swiper-slide\" role=\"group\" aria-roledescription=\"slide\" aria-label=\"1 von 1\"><a data-elementor-open-lightbox=\"yes\" data-elementor-lightbox-slideshow=\"2e8c050\" data-elementor-lightbox-title=\"Scheda_Kenia_retro\" data-e-action-hash=\"#elementor-action%3Aaction%3Dlightbox%26settings%3DeyJpZCI6NTM4MSwidXJsIjoiaHR0cHM6XC9cL3d3dy5tYW5pZmF0dHVyYWl0YWxpYW5hZGVsY2FmZmUuaXRcL3dwLWNvbnRlbnRcL3VwbG9hZHNcLzIwMjVcLzA0XC9TY2hlZGFfS2VuaWFfcmV0cm8uanBnIiwic2xpZGVzaG93IjoiMmU4YzA1MCJ9\" href=\"https:\/\/www.manifatturaitalianadelcaffe.it\/wp-content\/uploads\/2025\/04\/Scheda_Kenia_retro.jpg\"><figure class=\"swiper-slide-inner\"><img decoding=\"async\" class=\"swiper-slide-image\" src=\"https:\/\/www.manifatturaitalianadelcaffe.it\/wp-content\/uploads\/2025\/04\/Scheda_Kenia_retro.jpg\" alt=\"Scheda Kenya AA retro\" \/><\/figure><\/a><\/div>\t\t\t<\/div>\n\t\t\t\t\t<\/div>\n\t\t\t\t\t\t<\/div>\n\t\t\t\t<\/div>\n\t\t\t\t\t<\/div>\n\t\t<\/div>\n\t\t\t\t<div class=\"elementor-column elementor-col-50 elementor-top-column elementor-element elementor-element-9be45e7\" data-id=\"9be45e7\" data-element_type=\"column\" data-e-type=\"column\">\n\t\t\t<div class=\"elementor-widget-wrap elementor-element-populated\">\n\t\t\t\t\t\t<div class=\"elementor-element elementor-element-d68240f elementor-widget elementor-widget-text-editor\" data-id=\"d68240f\" data-element_type=\"widget\" data-e-type=\"widget\" data-widget_type=\"text-editor.default\">\n\t\t\t\t<div class=\"elementor-widget-container\">\n\t\t\t\t\t\t\t\t\t<p><strong>FAMILIE:<\/strong><br\/>Rubiacee<\/p><p><strong>GENRE:<\/strong><br\/>Coffea<\/p><p><strong>SPEZIES:<\/strong><br\/>Arabica<\/p><p><strong>VARIETTE:<\/strong><br\/>SL 28-SL 34-Ruiru11-Batian Hybrid  <\/p><p>URSPRUNG<strong>:<\/strong><br\/>Zentrale Region des Landes. Zentralprovinz. Bezirk Kiambu.<\/p><p><strong>H\u00d6HE:<\/strong><br\/>1.500-1.700 m. H\u00f6he<\/p><p><strong>CRIVEL:<\/strong><br\/>18<\/p><p><strong>ERZEUGUNGSZEIT:<\/strong><br\/>April &#8211; Juni und September &#8211; Dezember. Methode der Handlese<\/p><p><strong>ZUBEREITUNG:<\/strong><br\/>Durch Nassg\u00e4rung. Man erh\u00e4lt einen &#8222;gewaschenen&#8220; Kaffee. Anschlie\u00dfend wird es zum Trocknen in die Sonne gelegt.<\/p><p><strong>BESCHREIBUNG:<\/strong><br\/>Haselnusscreme mit feiner Textur. Intensives und elegantes Aroma. Wichtige Stelle. Er hat eine ausgepr\u00e4gte und charakteristische S\u00e4ure, die zu Noten von Vanille und kandierten Fr\u00fcchten f\u00fchrt. Ausgezeichnete Nachhaltigkeit des Geschmacks.<\/p>\t\t\t\t\t\t\t\t<\/div>\n\t\t\t\t<\/div>\n\t\t\t\t\t<\/div>\n\t\t<\/div>\n\t\t\t\t\t<\/div>\n\t\t<\/section>\n\t\t\t\t<section class=\"elementor-section elementor-top-section elementor-element elementor-element-c8922b6 elementor-section-boxed elementor-section-height-default elementor-section-height-default\" data-id=\"c8922b6\" data-element_type=\"section\" data-e-type=\"section\">\n\t\t\t\t\t\t<div class=\"elementor-container elementor-column-gap-default\">\n\t\t\t\t\t<div class=\"elementor-column elementor-col-100 elementor-top-column elementor-element elementor-element-27046b0\" data-id=\"27046b0\" data-element_type=\"column\" data-e-type=\"column\">\n\t\t\t<div class=\"elementor-widget-wrap elementor-element-populated\">\n\t\t\t\t\t\t<div class=\"elementor-element elementor-element-87c9fba elementor-widget elementor-widget-spacer\" data-id=\"87c9fba\" data-element_type=\"widget\" data-e-type=\"widget\" data-widget_type=\"spacer.default\">\n\t\t\t\t<div class=\"elementor-widget-container\">\n\t\t\t\t\t\t\t<div class=\"elementor-spacer\">\n\t\t\t<div class=\"elementor-spacer-inner\"><\/div>\n\t\t<\/div>\n\t\t\t\t\t\t<\/div>\n\t\t\t\t<\/div>\n\t\t\t\t\t<\/div>\n\t\t<\/div>\n\t\t\t\t\t<\/div>\n\t\t<\/section>\n\t\t\t\t<section class=\"elementor-section elementor-top-section elementor-element elementor-element-a6b187a elementor-section-height-min-height elementor-section-boxed elementor-section-height-default elementor-section-items-middle\" data-id=\"a6b187a\" data-element_type=\"section\" data-e-type=\"section\" data-settings=\"{&quot;background_background&quot;:&quot;classic&quot;}\">\n\t\t\t\t\t\t\t<div class=\"elementor-background-overlay\"><\/div>\n\t\t\t\t\t\t\t<div class=\"elementor-container elementor-column-gap-no\">\n\t\t\t\t\t<div class=\"elementor-column elementor-col-100 elementor-top-column elementor-element elementor-element-faa0295\" data-id=\"faa0295\" data-element_type=\"column\" data-e-type=\"column\">\n\t\t\t<div class=\"elementor-widget-wrap elementor-element-populated\">\n\t\t\t\t\t\t<div class=\"elementor-element elementor-element-12bf8c1 elementor-widget elementor-widget-heading\" data-id=\"12bf8c1\" data-element_type=\"widget\" data-e-type=\"widget\" data-widget_type=\"heading.default\">\n\t\t\t\t<div class=\"elementor-widget-container\">\n\t\t\t\t\t<h2 class=\"elementor-heading-title elementor-size-default\">Entdecken Sie die anderen Monoselektionen<\/h2>\t\t\t\t<\/div>\n\t\t\t\t<\/div>\n\t\t\t\t<div class=\"elementor-element elementor-element-4b22277 elementor-align-center elementor-widget elementor-widget-button\" data-id=\"4b22277\" data-element_type=\"widget\" data-e-type=\"widget\" data-widget_type=\"button.default\">\n\t\t\t\t<div class=\"elementor-widget-container\">\n\t\t\t\t\t\t\t\t\t<div class=\"elementor-button-wrapper\">\n\t\t\t\t\t<a class=\"elementor-button elementor-button-link elementor-size-sm elementor-animation-grow\" href=\"https:\/\/www.manifatturaitalianadelcaffe.it\/de\/single-origins\/\">\n\t\t\t\t\t\t<span class=\"elementor-button-content-wrapper\">\n\t\t\t\t\t\t\t\t\t<span class=\"elementor-button-text\">Finden Sie mehr heraus<\/span>\n\t\t\t\t\t<\/span>\n\t\t\t\t\t<\/a>\n\t\t\t\t<\/div>\n\t\t\t\t\t\t\t\t<\/div>\n\t\t\t\t<\/div>\n\t\t\t\t\t<\/div>\n\t\t<\/div>\n\t\t\t\t\t<\/div>\n\t\t<\/section>\n\t\t\t\t<\/div>\n\t\t","protected":false},"excerpt":{"rendered":"<p>Kenia AA FAMILIE:Rubiacee GENRE:Coffea SPEZIES:Arabica VARIETTE:SL 28-SL 34-Ruiru11-Batian Hybrid URSPRUNG:Zentrale Region des Landes. Zentralprovinz. Bezirk Kiambu. H\u00d6HE:1.500-1.700 m. H\u00f6he CRIVEL:18 ERZEUGUNGSZEIT:April &#8211; Juni und September &#8211; Dezember. Methode der Handlese ZUBEREITUNG:Durch Nassg\u00e4rung. Man erh\u00e4lt einen &#8222;gewaschenen&#8220; Kaffee. Anschlie\u00dfend wird es zum Trocknen in die Sonne gelegt. BESCHREIBUNG:Haselnusscreme mit feiner Textur. Intensives und elegantes Aroma. Wichtige [&hellip;]<\/p>\n","protected":false},"author":1,"featured_media":3215,"parent":2510,"menu_order":0,"comment_status":"closed","ping_status":"closed","template":"","meta":{"site-sidebar-layout":"no-sidebar","site-content-layout":"page-builder","ast-site-content-layout":"default","site-content-style":"default","site-sidebar-style":"default","ast-global-header-display":"","ast-banner-title-visibility":"","ast-main-header-display":"","ast-hfb-above-header-display":"","ast-hfb-below-header-display":"","ast-hfb-mobile-header-display":"","site-post-title":"disabled","ast-breadcrumbs-content":"","ast-featured-img":"disabled","footer-sml-layout":"","ast-disable-related-posts":"","theme-transparent-header-meta":"enabled","adv-header-id-meta":"","stick-header-meta":"","header-above-stick-meta":"","header-main-stick-meta":"","header-below-stick-meta":"","astra-migrate-meta-layouts":"default","ast-page-background-enabled":"default","ast-page-background-meta":{"desktop":{"background-color":"","background-image":"","background-repeat":"repeat","background-position":"center center","background-size":"auto","background-attachment":"scroll","background-type":"","background-media":"","overlay-type":"","overlay-color":"","overlay-opacity":"","overlay-gradient":""},"tablet":{"background-color":"","background-image":"","background-repeat":"repeat","background-position":"center center","background-size":"auto","background-attachment":"scroll","background-type":"","background-media":"","overlay-type":"","overlay-color":"","overlay-opacity":"","overlay-gradient":""},"mobile":{"background-color":"","background-image":"","background-repeat":"repeat","background-position":"center center","background-size":"auto","background-attachment":"scroll","background-type":"","background-media":"","overlay-type":"","overlay-color":"","overlay-opacity":"","overlay-gradient":""}},"ast-content-background-meta":{"desktop":{"background-color":"var(--ast-global-color-5)","background-image":"","background-repeat":"repeat","background-position":"center center","background-size":"auto","background-attachment":"scroll","background-type":"","background-media":"","overlay-type":"","overlay-color":"","overlay-opacity":"","overlay-gradient":""},"tablet":{"background-color":"var(--ast-global-color-5)","background-image":"","background-repeat":"repeat","background-position":"center center","background-size":"auto","background-attachment":"scroll","background-type":"","background-media":"","overlay-type":"","overlay-color":"","overlay-opacity":"","overlay-gradient":""},"mobile":{"background-color":"var(--ast-global-color-5)","background-image":"","background-repeat":"repeat","background-position":"center center","background-size":"auto","background-attachment":"scroll","background-type":"","background-media":"","overlay-type":"","overlay-color":"","overlay-opacity":"","overlay-gradient":""}},"footnotes":""},"class_list":["post-2484","page","type-page","status-publish","has-post-thumbnail","hentry"],"yoast_head":"<!-- This site is optimized with the Yoast SEO plugin v27.6 - https:\/\/yoast.com\/product\/yoast-seo-wordpress\/ -->\n<title>Kenia AA - Manifattura italiana del caff\u00e8<\/title>\n<meta name=\"description\" content=\"Feine, haselnussfarbene Creme mit feiner Textur. Er hat eine ausgepr\u00e4gte S\u00e4ure, die zu Noten von Vanille und kandierten Fr\u00fcchten f\u00fchrt.\" \/>\n<meta name=\"robots\" content=\"index, follow, max-snippet:-1, max-image-preview:large, max-video-preview:-1\" \/>\n<link rel=\"canonical\" href=\"https:\/\/www.manifatturaitalianadelcaffe.it\/monoselezioni\/kenya-aa\/\" \/>\n<meta property=\"og:locale\" content=\"de_DE\" \/>\n<meta property=\"og:type\" content=\"article\" \/>\n<meta property=\"og:title\" content=\"Kenia AA - Manifattura italiana del caff\u00e8\" \/>\n<meta property=\"og:description\" content=\"Feine, haselnussfarbene Creme mit feiner Textur. Er hat eine ausgepr\u00e4gte S\u00e4ure, die zu Noten von Vanille und kandierten Fr\u00fcchten f\u00fchrt.\" \/>\n<meta property=\"og:url\" content=\"https:\/\/www.manifatturaitalianadelcaffe.it\/monoselezioni\/kenya-aa\/\" \/>\n<meta property=\"og:site_name\" content=\"Manifattura italiana del caff\u00e8\" \/>\n<meta property=\"article:modified_time\" content=\"2026-05-15T09:53:25+00:00\" \/>\n<meta property=\"og:image\" content=\"https:\/\/www.manifatturaitalianadelcaffe.it\/wp-content\/uploads\/2023\/07\/Scheda_Kenia_aa_fronte-1-1-1.jpg\" \/>\n\t<meta property=\"og:image:width\" content=\"1039\" \/>\n\t<meta property=\"og:image:height\" content=\"1039\" \/>\n\t<meta property=\"og:image:type\" content=\"image\/jpeg\" \/>\n<meta name=\"twitter:card\" content=\"summary_large_image\" \/>\n<meta name=\"twitter:label1\" content=\"Gesch\u00e4tzte Lesezeit\" \/>\n\t<meta name=\"twitter:data1\" content=\"2\u00a0Minuten\" \/>\n<script type=\"application\/ld+json\" class=\"yoast-schema-graph\">{\"@context\":\"https:\\\/\\\/schema.org\",\"@graph\":[{\"@type\":\"WebPage\",\"@id\":\"https:\\\/\\\/www.manifatturaitalianadelcaffe.it\\\/monoselezioni\\\/kenya-aa\\\/\",\"url\":\"https:\\\/\\\/www.manifatturaitalianadelcaffe.it\\\/monoselezioni\\\/kenya-aa\\\/\",\"name\":\"Kenia AA - Manifattura italiana del caff\u00e8\",\"isPartOf\":{\"@id\":\"https:\\\/\\\/www.manifatturaitalianadelcaffe.it\\\/#website\"},\"primaryImageOfPage\":{\"@id\":\"https:\\\/\\\/www.manifatturaitalianadelcaffe.it\\\/monoselezioni\\\/kenya-aa\\\/#primaryimage\"},\"image\":{\"@id\":\"https:\\\/\\\/www.manifatturaitalianadelcaffe.it\\\/monoselezioni\\\/kenya-aa\\\/#primaryimage\"},\"thumbnailUrl\":\"https:\\\/\\\/www.manifatturaitalianadelcaffe.it\\\/wp-content\\\/uploads\\\/2023\\\/07\\\/Scheda_Kenia_aa_fronte-1-1-1.jpg\",\"datePublished\":\"2023-01-10T13:17:46+00:00\",\"dateModified\":\"2026-05-15T09:53:25+00:00\",\"description\":\"Feine, haselnussfarbene Creme mit feiner Textur. Er hat eine ausgepr\u00e4gte S\u00e4ure, die zu Noten von Vanille und kandierten Fr\u00fcchten f\u00fchrt.\",\"breadcrumb\":{\"@id\":\"https:\\\/\\\/www.manifatturaitalianadelcaffe.it\\\/monoselezioni\\\/kenya-aa\\\/#breadcrumb\"},\"inLanguage\":\"de\",\"potentialAction\":[{\"@type\":\"ReadAction\",\"target\":[\"https:\\\/\\\/www.manifatturaitalianadelcaffe.it\\\/monoselezioni\\\/kenya-aa\\\/\"]}]},{\"@type\":\"ImageObject\",\"inLanguage\":\"de\",\"@id\":\"https:\\\/\\\/www.manifatturaitalianadelcaffe.it\\\/monoselezioni\\\/kenya-aa\\\/#primaryimage\",\"url\":\"https:\\\/\\\/www.manifatturaitalianadelcaffe.it\\\/wp-content\\\/uploads\\\/2023\\\/07\\\/Scheda_Kenia_aa_fronte-1-1-1.jpg\",\"contentUrl\":\"https:\\\/\\\/www.manifatturaitalianadelcaffe.it\\\/wp-content\\\/uploads\\\/2023\\\/07\\\/Scheda_Kenia_aa_fronte-1-1-1.jpg\",\"width\":1039,\"height\":1039},{\"@type\":\"BreadcrumbList\",\"@id\":\"https:\\\/\\\/www.manifatturaitalianadelcaffe.it\\\/monoselezioni\\\/kenya-aa\\\/#breadcrumb\",\"itemListElement\":[{\"@type\":\"ListItem\",\"position\":1,\"name\":\"Home\",\"item\":\"https:\\\/\\\/www.manifatturaitalianadelcaffe.it\\\/\"},{\"@type\":\"ListItem\",\"position\":2,\"name\":\"Monoselektionen\",\"item\":\"https:\\\/\\\/www.manifatturaitalianadelcaffe.it\\\/monoselezioni\\\/\"},{\"@type\":\"ListItem\",\"position\":3,\"name\":\"Kenia AA\"}]},{\"@type\":\"WebSite\",\"@id\":\"https:\\\/\\\/www.manifatturaitalianadelcaffe.it\\\/#website\",\"url\":\"https:\\\/\\\/www.manifatturaitalianadelcaffe.it\\\/\",\"name\":\"Manifattura italiana del caff\u00e8\",\"description\":\"\",\"publisher\":{\"@id\":\"https:\\\/\\\/www.manifatturaitalianadelcaffe.it\\\/#organization\"},\"potentialAction\":[{\"@type\":\"SearchAction\",\"target\":{\"@type\":\"EntryPoint\",\"urlTemplate\":\"https:\\\/\\\/www.manifatturaitalianadelcaffe.it\\\/?s={search_term_string}\"},\"query-input\":{\"@type\":\"PropertyValueSpecification\",\"valueRequired\":true,\"valueName\":\"search_term_string\"}}],\"inLanguage\":\"de\"},{\"@type\":\"Organization\",\"@id\":\"https:\\\/\\\/www.manifatturaitalianadelcaffe.it\\\/#organization\",\"name\":\"Manifattura italiana del caff\u00e8\",\"url\":\"https:\\\/\\\/www.manifatturaitalianadelcaffe.it\\\/\",\"logo\":{\"@type\":\"ImageObject\",\"inLanguage\":\"de\",\"@id\":\"https:\\\/\\\/www.manifatturaitalianadelcaffe.it\\\/#\\\/schema\\\/logo\\\/image\\\/\",\"url\":\"https:\\\/\\\/www.manifatturaitalianadelcaffe.it\\\/wp-content\\\/uploads\\\/2023\\\/02\\\/cropped-logo-manifattura.jpg\",\"contentUrl\":\"https:\\\/\\\/www.manifatturaitalianadelcaffe.it\\\/wp-content\\\/uploads\\\/2023\\\/02\\\/cropped-logo-manifattura.jpg\",\"width\":1260,\"height\":1260,\"caption\":\"Manifattura italiana del caff\u00e8\"},\"image\":{\"@id\":\"https:\\\/\\\/www.manifatturaitalianadelcaffe.it\\\/#\\\/schema\\\/logo\\\/image\\\/\"}}]}<\/script>\n<!-- \/ Yoast SEO plugin. -->","yoast_head_json":{"title":"Kenia AA - Manifattura italiana del caff\u00e8","description":"Feine, haselnussfarbene Creme mit feiner Textur. Er hat eine ausgepr\u00e4gte S\u00e4ure, die zu Noten von Vanille und kandierten Fr\u00fcchten f\u00fchrt.","robots":{"index":"index","follow":"follow","max-snippet":"max-snippet:-1","max-image-preview":"max-image-preview:large","max-video-preview":"max-video-preview:-1"},"canonical":"https:\/\/www.manifatturaitalianadelcaffe.it\/monoselezioni\/kenya-aa\/","og_locale":"de_DE","og_type":"article","og_title":"Kenia AA - Manifattura italiana del caff\u00e8","og_description":"Feine, haselnussfarbene Creme mit feiner Textur. Er hat eine ausgepr\u00e4gte S\u00e4ure, die zu Noten von Vanille und kandierten Fr\u00fcchten f\u00fchrt.","og_url":"https:\/\/www.manifatturaitalianadelcaffe.it\/monoselezioni\/kenya-aa\/","og_site_name":"Manifattura italiana del caff\u00e8","article_modified_time":"2026-05-15T09:53:25+00:00","og_image":[{"width":1039,"height":1039,"url":"https:\/\/www.manifatturaitalianadelcaffe.it\/wp-content\/uploads\/2023\/07\/Scheda_Kenia_aa_fronte-1-1-1.jpg","type":"image\/jpeg"}],"twitter_card":"summary_large_image","twitter_misc":{"Gesch\u00e4tzte Lesezeit":"2\u00a0Minuten"},"schema":{"@context":"https:\/\/schema.org","@graph":[{"@type":"WebPage","@id":"https:\/\/www.manifatturaitalianadelcaffe.it\/monoselezioni\/kenya-aa\/","url":"https:\/\/www.manifatturaitalianadelcaffe.it\/monoselezioni\/kenya-aa\/","name":"Kenia AA - Manifattura italiana del caff\u00e8","isPartOf":{"@id":"https:\/\/www.manifatturaitalianadelcaffe.it\/#website"},"primaryImageOfPage":{"@id":"https:\/\/www.manifatturaitalianadelcaffe.it\/monoselezioni\/kenya-aa\/#primaryimage"},"image":{"@id":"https:\/\/www.manifatturaitalianadelcaffe.it\/monoselezioni\/kenya-aa\/#primaryimage"},"thumbnailUrl":"https:\/\/www.manifatturaitalianadelcaffe.it\/wp-content\/uploads\/2023\/07\/Scheda_Kenia_aa_fronte-1-1-1.jpg","datePublished":"2023-01-10T13:17:46+00:00","dateModified":"2026-05-15T09:53:25+00:00","description":"Feine, haselnussfarbene Creme mit feiner Textur. Er hat eine ausgepr\u00e4gte S\u00e4ure, die zu Noten von Vanille und kandierten Fr\u00fcchten f\u00fchrt.","breadcrumb":{"@id":"https:\/\/www.manifatturaitalianadelcaffe.it\/monoselezioni\/kenya-aa\/#breadcrumb"},"inLanguage":"de","potentialAction":[{"@type":"ReadAction","target":["https:\/\/www.manifatturaitalianadelcaffe.it\/monoselezioni\/kenya-aa\/"]}]},{"@type":"ImageObject","inLanguage":"de","@id":"https:\/\/www.manifatturaitalianadelcaffe.it\/monoselezioni\/kenya-aa\/#primaryimage","url":"https:\/\/www.manifatturaitalianadelcaffe.it\/wp-content\/uploads\/2023\/07\/Scheda_Kenia_aa_fronte-1-1-1.jpg","contentUrl":"https:\/\/www.manifatturaitalianadelcaffe.it\/wp-content\/uploads\/2023\/07\/Scheda_Kenia_aa_fronte-1-1-1.jpg","width":1039,"height":1039},{"@type":"BreadcrumbList","@id":"https:\/\/www.manifatturaitalianadelcaffe.it\/monoselezioni\/kenya-aa\/#breadcrumb","itemListElement":[{"@type":"ListItem","position":1,"name":"Home","item":"https:\/\/www.manifatturaitalianadelcaffe.it\/"},{"@type":"ListItem","position":2,"name":"Monoselektionen","item":"https:\/\/www.manifatturaitalianadelcaffe.it\/monoselezioni\/"},{"@type":"ListItem","position":3,"name":"Kenia AA"}]},{"@type":"WebSite","@id":"https:\/\/www.manifatturaitalianadelcaffe.it\/#website","url":"https:\/\/www.manifatturaitalianadelcaffe.it\/","name":"Manifattura italiana del caff\u00e8","description":"","publisher":{"@id":"https:\/\/www.manifatturaitalianadelcaffe.it\/#organization"},"potentialAction":[{"@type":"SearchAction","target":{"@type":"EntryPoint","urlTemplate":"https:\/\/www.manifatturaitalianadelcaffe.it\/?s={search_term_string}"},"query-input":{"@type":"PropertyValueSpecification","valueRequired":true,"valueName":"search_term_string"}}],"inLanguage":"de"},{"@type":"Organization","@id":"https:\/\/www.manifatturaitalianadelcaffe.it\/#organization","name":"Manifattura italiana del caff\u00e8","url":"https:\/\/www.manifatturaitalianadelcaffe.it\/","logo":{"@type":"ImageObject","inLanguage":"de","@id":"https:\/\/www.manifatturaitalianadelcaffe.it\/#\/schema\/logo\/image\/","url":"https:\/\/www.manifatturaitalianadelcaffe.it\/wp-content\/uploads\/2023\/02\/cropped-logo-manifattura.jpg","contentUrl":"https:\/\/www.manifatturaitalianadelcaffe.it\/wp-content\/uploads\/2023\/02\/cropped-logo-manifattura.jpg","width":1260,"height":1260,"caption":"Manifattura italiana del caff\u00e8"},"image":{"@id":"https:\/\/www.manifatturaitalianadelcaffe.it\/#\/schema\/logo\/image\/"}}]}},"_links":{"self":[{"href":"https:\/\/www.manifatturaitalianadelcaffe.it\/de\/wp-json\/wp\/v2\/pages\/2484","targetHints":{"allow":["GET"]}}],"collection":[{"href":"https:\/\/www.manifatturaitalianadelcaffe.it\/de\/wp-json\/wp\/v2\/pages"}],"about":[{"href":"https:\/\/www.manifatturaitalianadelcaffe.it\/de\/wp-json\/wp\/v2\/types\/page"}],"author":[{"embeddable":true,"href":"https:\/\/www.manifatturaitalianadelcaffe.it\/de\/wp-json\/wp\/v2\/users\/1"}],"replies":[{"embeddable":true,"href":"https:\/\/www.manifatturaitalianadelcaffe.it\/de\/wp-json\/wp\/v2\/comments?post=2484"}],"version-history":[{"count":65,"href":"https:\/\/www.manifatturaitalianadelcaffe.it\/de\/wp-json\/wp\/v2\/pages\/2484\/revisions"}],"predecessor-version":[{"id":5979,"href":"https:\/\/www.manifatturaitalianadelcaffe.it\/de\/wp-json\/wp\/v2\/pages\/2484\/revisions\/5979"}],"up":[{"embeddable":true,"href":"https:\/\/www.manifatturaitalianadelcaffe.it\/de\/wp-json\/wp\/v2\/pages\/2510"}],"wp:featuredmedia":[{"embeddable":true,"href":"https:\/\/www.manifatturaitalianadelcaffe.it\/de\/wp-json\/wp\/v2\/media\/3215"}],"wp:attachment":[{"href":"https:\/\/www.manifatturaitalianadelcaffe.it\/de\/wp-json\/wp\/v2\/media?parent=2484"}],"curies":[{"name":"wp","href":"https:\/\/api.w.org\/{rel}","templated":true}]}}