{"id":2480,"date":"2023-01-10T14:17:51","date_gmt":"2023-01-10T14:17:51","guid":{"rendered":"https:\/\/manifatturaitalianadelcaffe.136-244-100-128.plesk.page\/brasilien-pergamino-sul-de-minas\/"},"modified":"2025-04-15T10:05:07","modified_gmt":"2025-04-15T10:05:07","slug":"brasile-pergamino-sul-de-minas","status":"publish","type":"page","link":"https:\/\/www.manifatturaitalianadelcaffe.it\/de\/single-origins\/brasile-pergamino-sul-de-minas\/","title":{"rendered":"Brasile Pergamino sul de minas"},"content":{"rendered":"\t\t<div data-elementor-type=\"wp-page\" data-elementor-id=\"2480\" class=\"elementor elementor-2480 elementor-802\" data-elementor-post-type=\"page\">\n\t\t\t\t\t\t<section class=\"elementor-section elementor-top-section elementor-element elementor-element-8af6fe3 elementor-section-height-min-height elementor-section-boxed elementor-section-height-default elementor-section-items-middle\" data-id=\"8af6fe3\" data-element_type=\"section\" data-settings=\"{&quot;background_background&quot;:&quot;classic&quot;}\">\n\t\t\t\t\t\t\t<div class=\"elementor-background-overlay\"><\/div>\n\t\t\t\t\t\t\t<div class=\"elementor-container elementor-column-gap-no\">\n\t\t\t\t\t<div class=\"elementor-column elementor-col-100 elementor-top-column elementor-element elementor-element-d2f7e8f\" data-id=\"d2f7e8f\" data-element_type=\"column\">\n\t\t\t<div class=\"elementor-widget-wrap elementor-element-populated\">\n\t\t\t\t\t\t<div class=\"elementor-element elementor-element-60b1c67 elementor-invisible elementor-widget elementor-widget-heading\" data-id=\"60b1c67\" data-element_type=\"widget\" data-settings=\"{&quot;_animation&quot;:&quot;fadeIn&quot;}\" data-widget_type=\"heading.default\">\n\t\t\t\t<div class=\"elementor-widget-container\">\n\t\t\t\t\t<h2 class=\"elementor-heading-title elementor-size-default\">Brasile Pergamino sul de Minas<\/h2>\t\t\t\t<\/div>\n\t\t\t\t<\/div>\n\t\t\t\t\t<\/div>\n\t\t<\/div>\n\t\t\t\t\t<\/div>\n\t\t<\/section>\n\t\t\t\t<section class=\"elementor-section elementor-top-section elementor-element elementor-element-3b0ab9e elementor-section-boxed elementor-section-height-default elementor-section-height-default\" data-id=\"3b0ab9e\" data-element_type=\"section\">\n\t\t\t\t\t\t<div class=\"elementor-container elementor-column-gap-default\">\n\t\t\t\t\t<div class=\"elementor-column elementor-col-50 elementor-top-column elementor-element elementor-element-b92b207\" data-id=\"b92b207\" data-element_type=\"column\">\n\t\t\t<div class=\"elementor-widget-wrap elementor-element-populated\">\n\t\t\t\t\t\t<div class=\"elementor-element elementor-element-f039910 elementor-widget elementor-widget-image\" data-id=\"f039910\" data-element_type=\"widget\" data-widget_type=\"image.default\">\n\t\t\t\t<div class=\"elementor-widget-container\">\n\t\t\t\t\t\t\t\t\t\t\t\t\t\t\t\t<a href=\"https:\/\/www.manifatturaitalianadelcaffe.it\/wp-content\/uploads\/2023\/07\/Scheda_Brasile_Pergamino_tedesco-scaled.jpg\" data-elementor-open-lightbox=\"yes\" data-e-action-hash=\"#elementor-action%3Aaction%3Dlightbox%26settings%3DeyJpZCI6NDMzNiwidXJsIjoiaHR0cHM6XC9cL3d3dy5tYW5pZmF0dHVyYWl0YWxpYW5hZGVsY2FmZmUuaXRcL3dwLWNvbnRlbnRcL3VwbG9hZHNcLzIwMjNcLzA3XC9TY2hlZGFfQnJhc2lsZV9QZXJnYW1pbm9fdGVkZXNjby1zY2FsZWQuanBnIn0%3D\">\n\t\t\t\t\t\t\t<img fetchpriority=\"high\" decoding=\"async\" width=\"2560\" height=\"2560\" src=\"https:\/\/www.manifatturaitalianadelcaffe.it\/wp-content\/uploads\/2023\/07\/Scheda_Brasile_Pergamino_tedesco-scaled.jpg\" class=\"attachment-full size-full wp-image-4336\" alt=\"\" srcset=\"https:\/\/www.manifatturaitalianadelcaffe.it\/wp-content\/uploads\/2023\/07\/Scheda_Brasile_Pergamino_tedesco-scaled.jpg 2560w, https:\/\/www.manifatturaitalianadelcaffe.it\/wp-content\/uploads\/2023\/07\/Scheda_Brasile_Pergamino_tedesco-300x300.jpg 300w, https:\/\/www.manifatturaitalianadelcaffe.it\/wp-content\/uploads\/2023\/07\/Scheda_Brasile_Pergamino_tedesco-1024x1024.jpg 1024w, https:\/\/www.manifatturaitalianadelcaffe.it\/wp-content\/uploads\/2023\/07\/Scheda_Brasile_Pergamino_tedesco-150x150.jpg 150w, https:\/\/www.manifatturaitalianadelcaffe.it\/wp-content\/uploads\/2023\/07\/Scheda_Brasile_Pergamino_tedesco-768x768.jpg 768w, https:\/\/www.manifatturaitalianadelcaffe.it\/wp-content\/uploads\/2023\/07\/Scheda_Brasile_Pergamino_tedesco-1536x1536.jpg 1536w, https:\/\/www.manifatturaitalianadelcaffe.it\/wp-content\/uploads\/2023\/07\/Scheda_Brasile_Pergamino_tedesco-2048x2048.jpg 2048w\" sizes=\"(max-width: 2560px) 100vw, 2560px\" \/>\t\t\t\t\t\t\t\t<\/a>\n\t\t\t\t\t\t\t\t\t\t\t\t\t\t\t<\/div>\n\t\t\t\t<\/div>\n\t\t\t\t<div class=\"elementor-element elementor-element-8cf1414 elementor-widget elementor-widget-image\" data-id=\"8cf1414\" data-element_type=\"widget\" data-widget_type=\"image.default\">\n\t\t\t\t<div class=\"elementor-widget-container\">\n\t\t\t\t\t\t\t\t\t\t\t\t\t\t\t\t<a href=\"https:\/\/www.manifatturaitalianadelcaffe.it\/wp-content\/uploads\/2025\/04\/Scheda_Brasile-Pergamino_TED.jpg\" data-elementor-open-lightbox=\"yes\" data-elementor-lightbox-title=\"Scheda_Brasile-Pergamino_TED\" data-e-action-hash=\"#elementor-action%3Aaction%3Dlightbox%26settings%3DeyJpZCI6NTQ0NSwidXJsIjoiaHR0cHM6XC9cL3d3dy5tYW5pZmF0dHVyYWl0YWxpYW5hZGVsY2FmZmUuaXRcL3dwLWNvbnRlbnRcL3VwbG9hZHNcLzIwMjVcLzA0XC9TY2hlZGFfQnJhc2lsZS1QZXJnYW1pbm9fVEVELmpwZyJ9\">\n\t\t\t\t\t\t\t<img decoding=\"async\" width=\"1039\" height=\"1039\" src=\"https:\/\/www.manifatturaitalianadelcaffe.it\/wp-content\/uploads\/2025\/04\/Scheda_Brasile-Pergamino_TED.jpg\" class=\"attachment-full size-full wp-image-5445\" alt=\"\" srcset=\"https:\/\/www.manifatturaitalianadelcaffe.it\/wp-content\/uploads\/2025\/04\/Scheda_Brasile-Pergamino_TED.jpg 1039w, https:\/\/www.manifatturaitalianadelcaffe.it\/wp-content\/uploads\/2025\/04\/Scheda_Brasile-Pergamino_TED-300x300.jpg 300w, https:\/\/www.manifatturaitalianadelcaffe.it\/wp-content\/uploads\/2025\/04\/Scheda_Brasile-Pergamino_TED-1024x1024.jpg 1024w, https:\/\/www.manifatturaitalianadelcaffe.it\/wp-content\/uploads\/2025\/04\/Scheda_Brasile-Pergamino_TED-150x150.jpg 150w, https:\/\/www.manifatturaitalianadelcaffe.it\/wp-content\/uploads\/2025\/04\/Scheda_Brasile-Pergamino_TED-768x768.jpg 768w\" sizes=\"(max-width: 1039px) 100vw, 1039px\" \/>\t\t\t\t\t\t\t\t<\/a>\n\t\t\t\t\t\t\t\t\t\t\t\t\t\t\t<\/div>\n\t\t\t\t<\/div>\n\t\t\t\t\t<\/div>\n\t\t<\/div>\n\t\t\t\t<div class=\"elementor-column elementor-col-50 elementor-top-column elementor-element elementor-element-dedcd8f\" data-id=\"dedcd8f\" data-element_type=\"column\">\n\t\t\t<div class=\"elementor-widget-wrap elementor-element-populated\">\n\t\t\t\t\t\t<div class=\"elementor-element elementor-element-9661f82 elementor-widget elementor-widget-text-editor\" data-id=\"9661f82\" data-element_type=\"widget\" data-widget_type=\"text-editor.default\">\n\t\t\t\t<div class=\"elementor-widget-container\">\n\t\t\t\t\t\t\t\t\t<p><strong>FAMILIE:<\/strong><br \/>Rubiacee<\/p><p><strong>GATTUNG:<\/strong><br \/>Coffea<\/p><p><strong>SORTE:<\/strong><br \/>Arabica<\/p><p><strong>VARIET\u00c4T:<\/strong><br \/>Bourbon, Mundo Novo, Catua\u00ec und Icat\u00f9.<\/p><p><strong>HERKUNFT:<\/strong><br \/>S\u00fcdlicher Teil des Landes, Bundesstaat Minas Gerais.<\/p><p><strong>H\u00d6HE:<\/strong><br \/>900-1200 m. \u00fc.d.M<\/p><p><strong>SORTIERSIEB:<\/strong><br \/>16<\/p><p><strong>ERNTEZEITRAUM:<\/strong><br \/>Mai &#8211; August<\/p><p><strong>ZUBEREITUNG:<\/strong><br \/>Feucht ohne G\u00e4rung mit Auswahl von nur reifen Beeren. Anschlie\u00dfend wird er zum Trocknen in die Sonne gelegt. Es wird ein halbgewaschener Kaffee erhalten.<\/p><p><strong>BESCHREIBUNG:<\/strong><br \/>Feine, haselnussfarbene Creme mit leicht braunen Schlieren. Zartes Aroma, nicht sehr intensiv, aber elegant. Unwichtiger K\u00f6rper und mittlere S\u00fc\u00dfe. Pr\u00e4sentiert Noten von Trockenfr\u00fcchten, Mandeln und Schokolade.<\/p>\t\t\t\t\t\t\t\t<\/div>\n\t\t\t\t<\/div>\n\t\t\t\t\t<\/div>\n\t\t<\/div>\n\t\t\t\t\t<\/div>\n\t\t<\/section>\n\t\t\t\t<section class=\"elementor-section elementor-top-section elementor-element elementor-element-b1ebd2d elementor-section-height-min-height elementor-section-boxed elementor-section-height-default elementor-section-items-middle\" data-id=\"b1ebd2d\" data-element_type=\"section\" data-settings=\"{&quot;background_background&quot;:&quot;classic&quot;}\">\n\t\t\t\t\t\t\t<div class=\"elementor-background-overlay\"><\/div>\n\t\t\t\t\t\t\t<div class=\"elementor-container elementor-column-gap-no\">\n\t\t\t\t\t<div class=\"elementor-column elementor-col-100 elementor-top-column elementor-element elementor-element-b4a6fbd\" data-id=\"b4a6fbd\" data-element_type=\"column\">\n\t\t\t<div class=\"elementor-widget-wrap elementor-element-populated\">\n\t\t\t\t\t\t<div class=\"elementor-element elementor-element-10ca6c9 elementor-widget elementor-widget-heading\" data-id=\"10ca6c9\" data-element_type=\"widget\" data-widget_type=\"heading.default\">\n\t\t\t\t<div class=\"elementor-widget-container\">\n\t\t\t\t\t<h2 class=\"elementor-heading-title elementor-size-default\">Entdecken Sie die anderen single origins<\/h2>\t\t\t\t<\/div>\n\t\t\t\t<\/div>\n\t\t\t\t<div class=\"elementor-element elementor-element-7aba08f elementor-align-center elementor-widget elementor-widget-button\" data-id=\"7aba08f\" data-element_type=\"widget\" data-widget_type=\"button.default\">\n\t\t\t\t<div class=\"elementor-widget-container\">\n\t\t\t\t\t\t\t\t\t<div class=\"elementor-button-wrapper\">\n\t\t\t\t\t<a class=\"elementor-button elementor-button-link elementor-size-sm elementor-animation-grow\" href=\"https:\/\/www.manifatturaitalianadelcaffe.it\/de\/monoselezioni\/\">\n\t\t\t\t\t\t<span class=\"elementor-button-content-wrapper\">\n\t\t\t\t\t\t\t\t\t<span class=\"elementor-button-text\">Weitere Informationen<\/span>\n\t\t\t\t\t<\/span>\n\t\t\t\t\t<\/a>\n\t\t\t\t<\/div>\n\t\t\t\t\t\t\t\t<\/div>\n\t\t\t\t<\/div>\n\t\t\t\t\t<\/div>\n\t\t<\/div>\n\t\t\t\t\t<\/div>\n\t\t<\/section>\n\t\t\t\t<section class=\"elementor-section elementor-top-section elementor-element elementor-element-128ea57 elementor-section-boxed elementor-section-height-default elementor-section-height-default\" data-id=\"128ea57\" data-element_type=\"section\">\n\t\t\t\t\t\t<div class=\"elementor-container elementor-column-gap-default\">\n\t\t\t\t\t<div class=\"elementor-column elementor-col-33 elementor-top-column elementor-element elementor-element-224c836\" data-id=\"224c836\" data-element_type=\"column\">\n\t\t\t<div class=\"elementor-widget-wrap elementor-element-populated\">\n\t\t\t\t\t\t<div class=\"elementor-element elementor-element-75411e8 elementor-widget elementor-widget-image\" data-id=\"75411e8\" data-element_type=\"widget\" data-widget_type=\"image.default\">\n\t\t\t\t<div class=\"elementor-widget-container\">\n\t\t\t\t\t\t\t\t\t\t\t\t\t\t\t<img decoding=\"async\" width=\"2027\" height=\"1917\" src=\"https:\/\/www.manifatturaitalianadelcaffe.it\/wp-content\/uploads\/2023\/08\/Logo-manifattura-tedesco.png\" class=\"attachment-full size-full wp-image-4883\" alt=\"\" srcset=\"https:\/\/www.manifatturaitalianadelcaffe.it\/wp-content\/uploads\/2023\/08\/Logo-manifattura-tedesco.png 2027w, https:\/\/www.manifatturaitalianadelcaffe.it\/wp-content\/uploads\/2023\/08\/Logo-manifattura-tedesco-300x284.png 300w, https:\/\/www.manifatturaitalianadelcaffe.it\/wp-content\/uploads\/2023\/08\/Logo-manifattura-tedesco-1024x968.png 1024w, https:\/\/www.manifatturaitalianadelcaffe.it\/wp-content\/uploads\/2023\/08\/Logo-manifattura-tedesco-768x726.png 768w, https:\/\/www.manifatturaitalianadelcaffe.it\/wp-content\/uploads\/2023\/08\/Logo-manifattura-tedesco-1536x1453.png 1536w\" sizes=\"(max-width: 2027px) 100vw, 2027px\" \/>\t\t\t\t\t\t\t\t\t\t\t\t\t\t\t<\/div>\n\t\t\t\t<\/div>\n\t\t\t\t\t<\/div>\n\t\t<\/div>\n\t\t\t\t<div class=\"elementor-column elementor-col-33 elementor-top-column elementor-element elementor-element-3b38bcd\" data-id=\"3b38bcd\" data-element_type=\"column\">\n\t\t\t<div class=\"elementor-widget-wrap elementor-element-populated\">\n\t\t\t\t\t\t<div class=\"elementor-element elementor-element-080a180 elementor-widget elementor-widget-heading\" data-id=\"080a180\" data-element_type=\"widget\" data-widget_type=\"heading.default\">\n\t\t\t\t<div class=\"elementor-widget-container\">\n\t\t\t\t\t<h2 class=\"elementor-heading-title elementor-size-default\">Manifattura Italiana del caff\u00e8<\/h2>\t\t\t\t<\/div>\n\t\t\t\t<\/div>\n\t\t\t\t<div class=\"elementor-element elementor-element-c2b20b6 elementor-widget elementor-widget-text-editor\" data-id=\"c2b20b6\" data-element_type=\"widget\" data-widget_type=\"text-editor.default\">\n\t\t\t\t<div class=\"elementor-widget-container\">\n\t\t\t\t\t\t\t\t\t<p>Ist eine Marke von Bin Caff\u00e8 s.r.l<br \/>Societ\u00e0 unipersonale<br \/>P.IVA 00584460265<br \/>Via Treviso 72<br \/>31040 Trevignano (TV)<br \/>Tel. 0423 677106<\/p>\t\t\t\t\t\t\t\t<\/div>\n\t\t\t\t<\/div>\n\t\t\t\t\t<\/div>\n\t\t<\/div>\n\t\t\t\t<div class=\"elementor-column elementor-col-33 elementor-top-column elementor-element elementor-element-8b8c728\" data-id=\"8b8c728\" data-element_type=\"column\">\n\t\t\t<div class=\"elementor-widget-wrap elementor-element-populated\">\n\t\t\t\t\t\t<div class=\"elementor-element elementor-element-fc523f6 elementor-widget elementor-widget-heading\" data-id=\"fc523f6\" data-element_type=\"widget\" data-widget_type=\"heading.default\">\n\t\t\t\t<div class=\"elementor-widget-container\">\n\t\t\t\t\t<h2 class=\"elementor-heading-title elementor-size-default\">Legal<\/h2>\t\t\t\t<\/div>\n\t\t\t\t<\/div>\n\t\t\t\t<div class=\"elementor-element elementor-element-d3e8594 elementor-widget elementor-widget-text-editor\" data-id=\"d3e8594\" data-element_type=\"widget\" data-widget_type=\"text-editor.default\">\n\t\t\t\t<div class=\"elementor-widget-container\">\n\t\t\t\t\t\t\t\t\t<p><a href=\"https:\/\/www.manifatturaitalianadelcaffe.it\/de\/datenschutzerklarung\/\">Privacy policy<\/a><\/p>\t\t\t\t\t\t\t\t<\/div>\n\t\t\t\t<\/div>\n\t\t\t\t\t<\/div>\n\t\t<\/div>\n\t\t\t\t\t<\/div>\n\t\t<\/section>\n\t\t\t\t<\/div>\n\t\t","protected":false},"excerpt":{"rendered":"<p>Brasile Pergamino sul de Minas FAMILIE:Rubiacee GATTUNG:Coffea SORTE:Arabica VARIET\u00c4T:Bourbon, Mundo Novo, Catua\u00ec und Icat\u00f9. HERKUNFT:S\u00fcdlicher Teil des Landes, Bundesstaat Minas Gerais. H\u00d6HE:900-1200 m. \u00fc.d.M SORTIERSIEB:16 ERNTEZEITRAUM:Mai &#8211; August ZUBEREITUNG:Feucht ohne G\u00e4rung mit Auswahl von nur reifen Beeren. Anschlie\u00dfend wird er zum Trocknen in die Sonne gelegt. Es wird ein halbgewaschener Kaffee erhalten. BESCHREIBUNG:Feine, haselnussfarbene Creme [&hellip;]<\/p>\n","protected":false},"author":1,"featured_media":0,"parent":2510,"menu_order":0,"comment_status":"closed","ping_status":"closed","template":"","meta":{"site-sidebar-layout":"no-sidebar","site-content-layout":"page-builder","ast-site-content-layout":"default","site-content-style":"default","site-sidebar-style":"default","ast-global-header-display":"","ast-banner-title-visibility":"","ast-main-header-display":"","ast-hfb-above-header-display":"","ast-hfb-below-header-display":"","ast-hfb-mobile-header-display":"","site-post-title":"disabled","ast-breadcrumbs-content":"","ast-featured-img":"disabled","footer-sml-layout":"","theme-transparent-header-meta":"enabled","adv-header-id-meta":"","stick-header-meta":"","header-above-stick-meta":"","header-main-stick-meta":"","header-below-stick-meta":"","astra-migrate-meta-layouts":"default","ast-page-background-enabled":"default","ast-page-background-meta":{"desktop":{"background-color":"","background-image":"","background-repeat":"repeat","background-position":"center center","background-size":"auto","background-attachment":"scroll","background-type":"","background-media":"","overlay-type":"","overlay-color":"","overlay-opacity":"","overlay-gradient":""},"tablet":{"background-color":"","background-image":"","background-repeat":"repeat","background-position":"center center","background-size":"auto","background-attachment":"scroll","background-type":"","background-media":"","overlay-type":"","overlay-color":"","overlay-opacity":"","overlay-gradient":""},"mobile":{"background-color":"","background-image":"","background-repeat":"repeat","background-position":"center center","background-size":"auto","background-attachment":"scroll","background-type":"","background-media":"","overlay-type":"","overlay-color":"","overlay-opacity":"","overlay-gradient":""}},"ast-content-background-meta":{"desktop":{"background-color":"var(--ast-global-color-5)","background-image":"","background-repeat":"repeat","background-position":"center center","background-size":"auto","background-attachment":"scroll","background-type":"","background-media":"","overlay-type":"","overlay-color":"","overlay-opacity":"","overlay-gradient":""},"tablet":{"background-color":"var(--ast-global-color-5)","background-image":"","background-repeat":"repeat","background-position":"center center","background-size":"auto","background-attachment":"scroll","background-type":"","background-media":"","overlay-type":"","overlay-color":"","overlay-opacity":"","overlay-gradient":""},"mobile":{"background-color":"var(--ast-global-color-5)","background-image":"","background-repeat":"repeat","background-position":"center center","background-size":"auto","background-attachment":"scroll","background-type":"","background-media":"","overlay-type":"","overlay-color":"","overlay-opacity":"","overlay-gradient":""}},"footnotes":""},"class_list":["post-2480","page","type-page","status-publish","hentry"],"_links":{"self":[{"href":"https:\/\/www.manifatturaitalianadelcaffe.it\/de\/wp-json\/wp\/v2\/pages\/2480","targetHints":{"allow":["GET"]}}],"collection":[{"href":"https:\/\/www.manifatturaitalianadelcaffe.it\/de\/wp-json\/wp\/v2\/pages"}],"about":[{"href":"https:\/\/www.manifatturaitalianadelcaffe.it\/de\/wp-json\/wp\/v2\/types\/page"}],"author":[{"embeddable":true,"href":"https:\/\/www.manifatturaitalianadelcaffe.it\/de\/wp-json\/wp\/v2\/users\/1"}],"replies":[{"embeddable":true,"href":"https:\/\/www.manifatturaitalianadelcaffe.it\/de\/wp-json\/wp\/v2\/comments?post=2480"}],"version-history":[{"count":44,"href":"https:\/\/www.manifatturaitalianadelcaffe.it\/de\/wp-json\/wp\/v2\/pages\/2480\/revisions"}],"predecessor-version":[{"id":5450,"href":"https:\/\/www.manifatturaitalianadelcaffe.it\/de\/wp-json\/wp\/v2\/pages\/2480\/revisions\/5450"}],"up":[{"embeddable":true,"href":"https:\/\/www.manifatturaitalianadelcaffe.it\/de\/wp-json\/wp\/v2\/pages\/2510"}],"wp:attachment":[{"href":"https:\/\/www.manifatturaitalianadelcaffe.it\/de\/wp-json\/wp\/v2\/media?parent=2480"}],"curies":[{"name":"wp","href":"https:\/\/api.w.org\/{rel}","templated":true}]}}