{"id":2470,"date":"2023-01-10T11:49:24","date_gmt":"2023-01-10T11:49:24","guid":{"rendered":"https:\/\/manifatturaitalianadelcaffe.136-244-100-128.plesk.page\/wasser-entkoffeinierte-mischung\/"},"modified":"2025-04-15T10:14:19","modified_gmt":"2025-04-15T10:14:19","slug":"entkoffeinierte-kaffeemischung-auf-wasserbasis","status":"publish","type":"page","link":"https:\/\/www.manifatturaitalianadelcaffe.it\/de\/entkoffeinierte-kaffeemischung-auf-wasserbasis\/","title":{"rendered":"Entkoffeinierte Kaffeemischung auf Wasserbasis"},"content":{"rendered":"\t\t<div data-elementor-type=\"wp-page\" data-elementor-id=\"2470\" class=\"elementor elementor-2470 elementor-622\" data-elementor-post-type=\"page\">\n\t\t\t\t\t\t<section class=\"elementor-section elementor-top-section elementor-element elementor-element-8af6fe3 elementor-section-height-min-height elementor-section-boxed elementor-section-height-default elementor-section-items-middle\" data-id=\"8af6fe3\" data-element_type=\"section\" data-e-type=\"section\" data-settings=\"{&quot;background_background&quot;:&quot;classic&quot;}\">\n\t\t\t\t\t\t\t<div class=\"elementor-background-overlay\"><\/div>\n\t\t\t\t\t\t\t<div class=\"elementor-container elementor-column-gap-no\">\n\t\t\t\t\t<div class=\"elementor-column elementor-col-100 elementor-top-column elementor-element elementor-element-d2f7e8f\" data-id=\"d2f7e8f\" data-element_type=\"column\" data-e-type=\"column\">\n\t\t\t<div class=\"elementor-widget-wrap elementor-element-populated\">\n\t\t\t\t\t\t<div class=\"elementor-element elementor-element-60b1c67 elementor-invisible elementor-widget elementor-widget-heading\" data-id=\"60b1c67\" data-element_type=\"widget\" data-e-type=\"widget\" data-settings=\"{&quot;_animation&quot;:&quot;fadeIn&quot;}\" data-widget_type=\"heading.default\">\n\t\t\t\t<div class=\"elementor-widget-container\">\n\t\t\t\t\t<h2 class=\"elementor-heading-title elementor-size-default\">Entkoffeinierte Kaffeemischung auf Wasserbasis<\/h2>\t\t\t\t<\/div>\n\t\t\t\t<\/div>\n\t\t\t\t\t<\/div>\n\t\t<\/div>\n\t\t\t\t\t<\/div>\n\t\t<\/section>\n\t\t\t\t<section class=\"elementor-section elementor-top-section elementor-element elementor-element-04e06c1 elementor-section-boxed elementor-section-height-default elementor-section-height-default\" data-id=\"04e06c1\" data-element_type=\"section\" data-e-type=\"section\">\n\t\t\t\t\t\t<div class=\"elementor-container elementor-column-gap-default\">\n\t\t\t\t\t<div class=\"elementor-column elementor-col-50 elementor-top-column elementor-element elementor-element-5706744\" data-id=\"5706744\" data-element_type=\"column\" data-e-type=\"column\">\n\t\t\t<div class=\"elementor-widget-wrap elementor-element-populated\">\n\t\t\t\t\t\t<div class=\"elementor-element elementor-element-526d163 elementor-widget elementor-widget-image\" data-id=\"526d163\" data-element_type=\"widget\" data-e-type=\"widget\" data-widget_type=\"image.default\">\n\t\t\t\t<div class=\"elementor-widget-container\">\n\t\t\t\t\t\t\t\t\t\t\t\t\t\t\t\t<a href=\"https:\/\/www.manifatturaitalianadelcaffe.it\/wp-content\/uploads\/2025\/04\/Scheda_Miscela_deca_acqua_TED.jpg\" data-elementor-open-lightbox=\"yes\" data-elementor-lightbox-title=\"Scheda_Miscela_deca_acqua_TED\" data-e-action-hash=\"#elementor-action%3Aaction%3Dlightbox%26settings%3DeyJpZCI6NTQ4MSwidXJsIjoiaHR0cHM6XC9cL3d3dy5tYW5pZmF0dHVyYWl0YWxpYW5hZGVsY2FmZmUuaXRcL3dwLWNvbnRlbnRcL3VwbG9hZHNcLzIwMjVcLzA0XC9TY2hlZGFfTWlzY2VsYV9kZWNhX2FjcXVhX1RFRC5qcGcifQ%3D%3D\">\n\t\t\t\t\t\t\t<img fetchpriority=\"high\" decoding=\"async\" width=\"1039\" height=\"1039\" src=\"https:\/\/www.manifatturaitalianadelcaffe.it\/wp-content\/uploads\/2025\/04\/Scheda_Miscela_deca_acqua_TED.jpg\" class=\"attachment-full size-full wp-image-5481\" alt=\"\" srcset=\"https:\/\/www.manifatturaitalianadelcaffe.it\/wp-content\/uploads\/2025\/04\/Scheda_Miscela_deca_acqua_TED.jpg 1039w, https:\/\/www.manifatturaitalianadelcaffe.it\/wp-content\/uploads\/2025\/04\/Scheda_Miscela_deca_acqua_TED-300x300.jpg 300w, https:\/\/www.manifatturaitalianadelcaffe.it\/wp-content\/uploads\/2025\/04\/Scheda_Miscela_deca_acqua_TED-1024x1024.jpg 1024w, https:\/\/www.manifatturaitalianadelcaffe.it\/wp-content\/uploads\/2025\/04\/Scheda_Miscela_deca_acqua_TED-150x150.jpg 150w, https:\/\/www.manifatturaitalianadelcaffe.it\/wp-content\/uploads\/2025\/04\/Scheda_Miscela_deca_acqua_TED-768x768.jpg 768w\" sizes=\"(max-width: 1039px) 100vw, 1039px\" \/>\t\t\t\t\t\t\t\t<\/a>\n\t\t\t\t\t\t\t\t\t\t\t\t\t\t\t<\/div>\n\t\t\t\t<\/div>\n\t\t\t\t\t<\/div>\n\t\t<\/div>\n\t\t\t\t<div class=\"elementor-column elementor-col-50 elementor-top-column elementor-element elementor-element-579b34b\" data-id=\"579b34b\" data-element_type=\"column\" data-e-type=\"column\">\n\t\t\t<div class=\"elementor-widget-wrap elementor-element-populated\">\n\t\t\t\t\t\t<div class=\"elementor-element elementor-element-512488e elementor-widget elementor-widget-text-editor\" data-id=\"512488e\" data-element_type=\"widget\" data-e-type=\"widget\" data-widget_type=\"text-editor.default\">\n\t\t\t\t<div class=\"elementor-widget-container\">\n\t\t\t\t\t\t\t\t\t<p>Das von der Swiss Water Decaffeinated Coffee Company* durchgef\u00fchrte Entkoffeinierungsverfahren erfolgt ohne Verwendung von L\u00f6sungsmitteln. Es wird nur Wasser verwendet.<\/p><p>Die drei erforderlichen Elemente sind Wasser, Temperatur und Zeit, mit denen etwa 99,9 % des Koffeins extrahiert werden k\u00f6nnen.<br \/>Im Wesentlichen erfolgt der Ablauf in 3 Schritten:<\/p><p>1. Reinigung des Rohkaffees mit einem Vorreiniger, der eventuelle Fremdk\u00f6rper und den silbrigen Film der Bohne entfernt.<\/p><p>2. Einf\u00fcllen des Kaffees in ein Silo und Vorbefeuchtung mit kochendem Wasser durch Bespr\u00fchen. Die Bohne nimmt um 100% an Volumen zu und ist f\u00fcr die Koffeinextraktion vorbereitet.<\/p><p>3. Die Extraktionsfl\u00fcssigkeit mit der Bezeichnung \u201eGreen Coffee Extract\u201c (GCE) kommt mit dem Kaffee in Kontakt und beginnt mit dem Entkoffeinierungsprozess. Nach Abschluss der Entkoffeinierung wird das Koffein von der Extraktionsfl\u00fcssigkeit getrennt und von der Aktivkohle aufgefangen, die in den Regenerationsofen\u201c gelangen. Hier wird das Koffein verbrannt und die Geometrie der Aktivkohle wiederhergestellt. Die Aktivkohlen werden dann zur weiteren Verarbeitung in den Tank zur\u00fcckgef\u00fchrt. Das gesamte Verfahren dauert ungef\u00e4hr 10 Stunden.<\/p><p><strong>BESCHREIBUNG:<br \/><\/strong>Ziemlich kompakte beigefarbene Creme mit feiner Textur. Mittelintensives, zartes Aroma. Guter S\u00e4uregehalt mit Ankl\u00e4ngen an Schokolade und Getreide.<\/p>\t\t\t\t\t\t\t\t<\/div>\n\t\t\t\t<\/div>\n\t\t\t\t\t<\/div>\n\t\t<\/div>\n\t\t\t\t\t<\/div>\n\t\t<\/section>\n\t\t\t\t<section class=\"elementor-section elementor-top-section elementor-element elementor-element-4bd0b8e elementor-section-height-min-height elementor-section-boxed elementor-section-height-default elementor-section-items-middle\" data-id=\"4bd0b8e\" data-element_type=\"section\" data-e-type=\"section\" data-settings=\"{&quot;background_background&quot;:&quot;classic&quot;}\">\n\t\t\t\t\t\t\t<div class=\"elementor-background-overlay\"><\/div>\n\t\t\t\t\t\t\t<div class=\"elementor-container elementor-column-gap-no\">\n\t\t\t\t\t<div class=\"elementor-column elementor-col-100 elementor-top-column elementor-element elementor-element-8fd2dd1\" data-id=\"8fd2dd1\" data-element_type=\"column\" data-e-type=\"column\">\n\t\t\t<div class=\"elementor-widget-wrap elementor-element-populated\">\n\t\t\t\t\t\t<div class=\"elementor-element elementor-element-033d2e2 elementor-widget elementor-widget-heading\" data-id=\"033d2e2\" data-element_type=\"widget\" data-e-type=\"widget\" data-widget_type=\"heading.default\">\n\t\t\t\t<div class=\"elementor-widget-container\">\n\t\t\t\t\t<h2 class=\"elementor-heading-title elementor-size-default\">Entdecken Sie die anderen Mischungen<\/h2>\t\t\t\t<\/div>\n\t\t\t\t<\/div>\n\t\t\t\t<div class=\"elementor-element elementor-element-4d32629 elementor-align-center elementor-widget elementor-widget-button\" data-id=\"4d32629\" data-element_type=\"widget\" data-e-type=\"widget\" data-widget_type=\"button.default\">\n\t\t\t\t<div class=\"elementor-widget-container\">\n\t\t\t\t\t\t\t\t\t<div class=\"elementor-button-wrapper\">\n\t\t\t\t\t<a class=\"elementor-button elementor-button-link elementor-size-sm elementor-animation-grow\" href=\"https:\/\/www.manifatturaitalianadelcaffe.it\/de\/#produkte\">\n\t\t\t\t\t\t<span class=\"elementor-button-content-wrapper\">\n\t\t\t\t\t\t\t\t\t<span class=\"elementor-button-text\">Weitere Informationen<\/span>\n\t\t\t\t\t<\/span>\n\t\t\t\t\t<\/a>\n\t\t\t\t<\/div>\n\t\t\t\t\t\t\t\t<\/div>\n\t\t\t\t<\/div>\n\t\t\t\t\t<\/div>\n\t\t<\/div>\n\t\t\t\t\t<\/div>\n\t\t<\/section>\n\t\t\t\t<section class=\"elementor-section elementor-top-section elementor-element elementor-element-a8d4dfe elementor-section-boxed elementor-section-height-default elementor-section-height-default\" data-id=\"a8d4dfe\" data-element_type=\"section\" data-e-type=\"section\">\n\t\t\t\t\t\t<div class=\"elementor-container elementor-column-gap-default\">\n\t\t\t\t\t<div class=\"elementor-column elementor-col-33 elementor-top-column elementor-element elementor-element-b465b81\" data-id=\"b465b81\" data-element_type=\"column\" data-e-type=\"column\">\n\t\t\t<div class=\"elementor-widget-wrap elementor-element-populated\">\n\t\t\t\t\t\t<div class=\"elementor-element elementor-element-836f9d3 elementor-widget elementor-widget-image\" data-id=\"836f9d3\" data-element_type=\"widget\" data-e-type=\"widget\" data-widget_type=\"image.default\">\n\t\t\t\t<div class=\"elementor-widget-container\">\n\t\t\t\t\t\t\t\t\t\t\t\t\t\t\t<img decoding=\"async\" width=\"2027\" height=\"1917\" src=\"https:\/\/www.manifatturaitalianadelcaffe.it\/wp-content\/uploads\/2023\/08\/Logo-manifattura-tedesco.png\" class=\"attachment-full size-full wp-image-4883\" alt=\"\" srcset=\"https:\/\/www.manifatturaitalianadelcaffe.it\/wp-content\/uploads\/2023\/08\/Logo-manifattura-tedesco.png 2027w, https:\/\/www.manifatturaitalianadelcaffe.it\/wp-content\/uploads\/2023\/08\/Logo-manifattura-tedesco-300x284.png 300w, https:\/\/www.manifatturaitalianadelcaffe.it\/wp-content\/uploads\/2023\/08\/Logo-manifattura-tedesco-1024x968.png 1024w, https:\/\/www.manifatturaitalianadelcaffe.it\/wp-content\/uploads\/2023\/08\/Logo-manifattura-tedesco-768x726.png 768w, https:\/\/www.manifatturaitalianadelcaffe.it\/wp-content\/uploads\/2023\/08\/Logo-manifattura-tedesco-1536x1453.png 1536w\" sizes=\"(max-width: 2027px) 100vw, 2027px\" \/>\t\t\t\t\t\t\t\t\t\t\t\t\t\t\t<\/div>\n\t\t\t\t<\/div>\n\t\t\t\t\t<\/div>\n\t\t<\/div>\n\t\t\t\t<div class=\"elementor-column elementor-col-33 elementor-top-column elementor-element elementor-element-054f466\" data-id=\"054f466\" data-element_type=\"column\" data-e-type=\"column\">\n\t\t\t<div class=\"elementor-widget-wrap elementor-element-populated\">\n\t\t\t\t\t\t<div class=\"elementor-element elementor-element-acbe2e5 elementor-widget elementor-widget-heading\" data-id=\"acbe2e5\" data-element_type=\"widget\" data-e-type=\"widget\" data-widget_type=\"heading.default\">\n\t\t\t\t<div class=\"elementor-widget-container\">\n\t\t\t\t\t<h2 class=\"elementor-heading-title elementor-size-default\">Manifattura Italiana del caff\u00e8<\/h2>\t\t\t\t<\/div>\n\t\t\t\t<\/div>\n\t\t\t\t<div class=\"elementor-element elementor-element-fcf8000 elementor-widget elementor-widget-text-editor\" data-id=\"fcf8000\" data-element_type=\"widget\" data-e-type=\"widget\" data-widget_type=\"text-editor.default\">\n\t\t\t\t<div class=\"elementor-widget-container\">\n\t\t\t\t\t\t\t\t\t<p>Ist eine Marke von Bin Caff\u00e8 s.r.l<br \/>Societ\u00e0 unipersonale<br \/>P.IVA 00584460265<br \/>Via Treviso 72<br \/>31040 Trevignano (TV)<br \/>Tel. 0423 677106<\/p>\t\t\t\t\t\t\t\t<\/div>\n\t\t\t\t<\/div>\n\t\t\t\t\t<\/div>\n\t\t<\/div>\n\t\t\t\t<div class=\"elementor-column elementor-col-33 elementor-top-column elementor-element elementor-element-0d0a663\" data-id=\"0d0a663\" data-element_type=\"column\" data-e-type=\"column\">\n\t\t\t<div class=\"elementor-widget-wrap elementor-element-populated\">\n\t\t\t\t\t\t<div class=\"elementor-element elementor-element-2d0b47b elementor-widget elementor-widget-heading\" data-id=\"2d0b47b\" data-element_type=\"widget\" data-e-type=\"widget\" data-widget_type=\"heading.default\">\n\t\t\t\t<div class=\"elementor-widget-container\">\n\t\t\t\t\t<h2 class=\"elementor-heading-title elementor-size-default\">Legal<\/h2>\t\t\t\t<\/div>\n\t\t\t\t<\/div>\n\t\t\t\t<div class=\"elementor-element elementor-element-c7cb45c elementor-widget elementor-widget-text-editor\" data-id=\"c7cb45c\" data-element_type=\"widget\" data-e-type=\"widget\" data-widget_type=\"text-editor.default\">\n\t\t\t\t<div class=\"elementor-widget-container\">\n\t\t\t\t\t\t\t\t\t<p><a href=\"https:\/\/www.manifatturaitalianadelcaffe.it\/de\/datenschutzerklarung\/\">Privacy policy<\/a><\/p>\t\t\t\t\t\t\t\t<\/div>\n\t\t\t\t<\/div>\n\t\t\t\t\t<\/div>\n\t\t<\/div>\n\t\t\t\t\t<\/div>\n\t\t<\/section>\n\t\t\t\t<\/div>\n\t\t","protected":false},"excerpt":{"rendered":"<p>Entkoffeinierte Kaffeemischung auf Wasserbasis Das von der Swiss Water Decaffeinated Coffee Company* durchgef\u00fchrte Entkoffeinierungsverfahren erfolgt ohne Verwendung von L\u00f6sungsmitteln. Es wird nur Wasser verwendet. Die drei erforderlichen Elemente sind Wasser, Temperatur und Zeit, mit denen etwa 99,9 % des Koffeins extrahiert werden k\u00f6nnen.Im Wesentlichen erfolgt der Ablauf in 3 Schritten: 1. Reinigung des Rohkaffees mit [&hellip;]<\/p>\n","protected":false},"author":1,"featured_media":0,"parent":0,"menu_order":0,"comment_status":"closed","ping_status":"closed","template":"","meta":{"site-sidebar-layout":"no-sidebar","site-content-layout":"page-builder","ast-site-content-layout":"default","site-content-style":"default","site-sidebar-style":"default","ast-global-header-display":"","ast-banner-title-visibility":"","ast-main-header-display":"","ast-hfb-above-header-display":"","ast-hfb-below-header-display":"","ast-hfb-mobile-header-display":"","site-post-title":"disabled","ast-breadcrumbs-content":"","ast-featured-img":"disabled","footer-sml-layout":"","ast-disable-related-posts":"","theme-transparent-header-meta":"enabled","adv-header-id-meta":"","stick-header-meta":"","header-above-stick-meta":"","header-main-stick-meta":"","header-below-stick-meta":"","astra-migrate-meta-layouts":"default","ast-page-background-enabled":"default","ast-page-background-meta":{"desktop":{"background-color":"","background-image":"","background-repeat":"repeat","background-position":"center center","background-size":"auto","background-attachment":"scroll","background-type":"","background-media":"","overlay-type":"","overlay-color":"","overlay-opacity":"","overlay-gradient":""},"tablet":{"background-color":"","background-image":"","background-repeat":"repeat","background-position":"center center","background-size":"auto","background-attachment":"scroll","background-type":"","background-media":"","overlay-type":"","overlay-color":"","overlay-opacity":"","overlay-gradient":""},"mobile":{"background-color":"","background-image":"","background-repeat":"repeat","background-position":"center center","background-size":"auto","background-attachment":"scroll","background-type":"","background-media":"","overlay-type":"","overlay-color":"","overlay-opacity":"","overlay-gradient":""}},"ast-content-background-meta":{"desktop":{"background-color":"var(--ast-global-color-5)","background-image":"","background-repeat":"repeat","background-position":"center center","background-size":"auto","background-attachment":"scroll","background-type":"","background-media":"","overlay-type":"","overlay-color":"","overlay-opacity":"","overlay-gradient":""},"tablet":{"background-color":"var(--ast-global-color-5)","background-image":"","background-repeat":"repeat","background-position":"center center","background-size":"auto","background-attachment":"scroll","background-type":"","background-media":"","overlay-type":"","overlay-color":"","overlay-opacity":"","overlay-gradient":""},"mobile":{"background-color":"var(--ast-global-color-5)","background-image":"","background-repeat":"repeat","background-position":"center center","background-size":"auto","background-attachment":"scroll","background-type":"","background-media":"","overlay-type":"","overlay-color":"","overlay-opacity":"","overlay-gradient":""}},"footnotes":""},"class_list":["post-2470","page","type-page","status-publish","hentry"],"yoast_head":"<!-- This site is optimized with the Yoast SEO plugin v27.5 - https:\/\/yoast.com\/product\/yoast-seo-wordpress\/ -->\n<title>Entkoffeinierte Kaffeemischung auf Wasserbasis - Manifattura italiana del caff\u00e8<\/title>\n<meta name=\"robots\" content=\"index, follow, max-snippet:-1, max-image-preview:large, max-video-preview:-1\" \/>\n<link rel=\"canonical\" href=\"https:\/\/www.manifatturaitalianadelcaffe.it\/miscela-decaffeinati-ad-acqua\/\" \/>\n<meta property=\"og:locale\" content=\"de_DE\" \/>\n<meta property=\"og:type\" content=\"article\" \/>\n<meta property=\"og:title\" content=\"Entkoffeinierte Kaffeemischung auf Wasserbasis - Manifattura italiana del caff\u00e8\" \/>\n<meta property=\"og:description\" content=\"Entkoffeinierte Kaffeemischung auf Wasserbasis Das von der Swiss Water Decaffeinated Coffee Company* durchgef\u00fchrte Entkoffeinierungsverfahren erfolgt ohne Verwendung von L\u00f6sungsmitteln. Es wird nur Wasser verwendet. Die drei erforderlichen Elemente sind Wasser, Temperatur und Zeit, mit denen etwa 99,9 % des Koffeins extrahiert werden k\u00f6nnen.Im Wesentlichen erfolgt der Ablauf in 3 Schritten: 1. Reinigung des Rohkaffees mit [&hellip;]\" \/>\n<meta property=\"og:url\" content=\"https:\/\/www.manifatturaitalianadelcaffe.it\/miscela-decaffeinati-ad-acqua\/\" \/>\n<meta property=\"og:site_name\" content=\"Manifattura italiana del caff\u00e8\" \/>\n<meta property=\"article:modified_time\" content=\"2025-04-15T10:14:19+00:00\" \/>\n<meta property=\"og:image\" content=\"https:\/\/www.manifatturaitalianadelcaffe.it\/wp-content\/uploads\/2025\/04\/Scheda_Miscela_deca_acqua_TED.jpg\" \/>\n<meta name=\"twitter:card\" content=\"summary_large_image\" \/>\n<meta name=\"twitter:label1\" content=\"Gesch\u00e4tzte Lesezeit\" \/>\n\t<meta name=\"twitter:data1\" content=\"2\u00a0Minuten\" \/>\n<script type=\"application\/ld+json\" class=\"yoast-schema-graph\">{\"@context\":\"https:\\\/\\\/schema.org\",\"@graph\":[{\"@type\":\"WebPage\",\"@id\":\"https:\\\/\\\/www.manifatturaitalianadelcaffe.it\\\/miscela-decaffeinati-ad-acqua\\\/\",\"url\":\"https:\\\/\\\/www.manifatturaitalianadelcaffe.it\\\/miscela-decaffeinati-ad-acqua\\\/\",\"name\":\"Entkoffeinierte Kaffeemischung auf Wasserbasis - Manifattura italiana del caff\u00e8\",\"isPartOf\":{\"@id\":\"https:\\\/\\\/www.manifatturaitalianadelcaffe.it\\\/#website\"},\"primaryImageOfPage\":{\"@id\":\"https:\\\/\\\/www.manifatturaitalianadelcaffe.it\\\/miscela-decaffeinati-ad-acqua\\\/#primaryimage\"},\"image\":{\"@id\":\"https:\\\/\\\/www.manifatturaitalianadelcaffe.it\\\/miscela-decaffeinati-ad-acqua\\\/#primaryimage\"},\"thumbnailUrl\":\"https:\\\/\\\/www.manifatturaitalianadelcaffe.it\\\/wp-content\\\/uploads\\\/2025\\\/04\\\/Scheda_Miscela_deca_acqua_TED.jpg\",\"datePublished\":\"2023-01-10T11:49:24+00:00\",\"dateModified\":\"2025-04-15T10:14:19+00:00\",\"breadcrumb\":{\"@id\":\"https:\\\/\\\/www.manifatturaitalianadelcaffe.it\\\/miscela-decaffeinati-ad-acqua\\\/#breadcrumb\"},\"inLanguage\":\"de\",\"potentialAction\":[{\"@type\":\"ReadAction\",\"target\":[\"https:\\\/\\\/www.manifatturaitalianadelcaffe.it\\\/miscela-decaffeinati-ad-acqua\\\/\"]}]},{\"@type\":\"ImageObject\",\"inLanguage\":\"de\",\"@id\":\"https:\\\/\\\/www.manifatturaitalianadelcaffe.it\\\/miscela-decaffeinati-ad-acqua\\\/#primaryimage\",\"url\":\"https:\\\/\\\/www.manifatturaitalianadelcaffe.it\\\/wp-content\\\/uploads\\\/2025\\\/04\\\/Scheda_Miscela_deca_acqua_TED.jpg\",\"contentUrl\":\"https:\\\/\\\/www.manifatturaitalianadelcaffe.it\\\/wp-content\\\/uploads\\\/2025\\\/04\\\/Scheda_Miscela_deca_acqua_TED.jpg\"},{\"@type\":\"BreadcrumbList\",\"@id\":\"https:\\\/\\\/www.manifatturaitalianadelcaffe.it\\\/miscela-decaffeinati-ad-acqua\\\/#breadcrumb\",\"itemListElement\":[{\"@type\":\"ListItem\",\"position\":1,\"name\":\"Home\",\"item\":\"https:\\\/\\\/www.manifatturaitalianadelcaffe.it\\\/\"},{\"@type\":\"ListItem\",\"position\":2,\"name\":\"Entkoffeinierte Kaffeemischung auf Wasserbasis\"}]},{\"@type\":\"WebSite\",\"@id\":\"https:\\\/\\\/www.manifatturaitalianadelcaffe.it\\\/#website\",\"url\":\"https:\\\/\\\/www.manifatturaitalianadelcaffe.it\\\/\",\"name\":\"Manifattura italiana del caff\u00e8\",\"description\":\"\",\"publisher\":{\"@id\":\"https:\\\/\\\/www.manifatturaitalianadelcaffe.it\\\/#organization\"},\"potentialAction\":[{\"@type\":\"SearchAction\",\"target\":{\"@type\":\"EntryPoint\",\"urlTemplate\":\"https:\\\/\\\/www.manifatturaitalianadelcaffe.it\\\/?s={search_term_string}\"},\"query-input\":{\"@type\":\"PropertyValueSpecification\",\"valueRequired\":true,\"valueName\":\"search_term_string\"}}],\"inLanguage\":\"de\"},{\"@type\":\"Organization\",\"@id\":\"https:\\\/\\\/www.manifatturaitalianadelcaffe.it\\\/#organization\",\"name\":\"Manifattura italiana del caff\u00e8\",\"url\":\"https:\\\/\\\/www.manifatturaitalianadelcaffe.it\\\/\",\"logo\":{\"@type\":\"ImageObject\",\"inLanguage\":\"de\",\"@id\":\"https:\\\/\\\/www.manifatturaitalianadelcaffe.it\\\/#\\\/schema\\\/logo\\\/image\\\/\",\"url\":\"https:\\\/\\\/www.manifatturaitalianadelcaffe.it\\\/wp-content\\\/uploads\\\/2023\\\/02\\\/cropped-logo-manifattura.jpg\",\"contentUrl\":\"https:\\\/\\\/www.manifatturaitalianadelcaffe.it\\\/wp-content\\\/uploads\\\/2023\\\/02\\\/cropped-logo-manifattura.jpg\",\"width\":1260,\"height\":1260,\"caption\":\"Manifattura italiana del caff\u00e8\"},\"image\":{\"@id\":\"https:\\\/\\\/www.manifatturaitalianadelcaffe.it\\\/#\\\/schema\\\/logo\\\/image\\\/\"}}]}<\/script>\n<!-- \/ Yoast SEO plugin. -->","yoast_head_json":{"title":"Entkoffeinierte Kaffeemischung auf Wasserbasis - Manifattura italiana del caff\u00e8","robots":{"index":"index","follow":"follow","max-snippet":"max-snippet:-1","max-image-preview":"max-image-preview:large","max-video-preview":"max-video-preview:-1"},"canonical":"https:\/\/www.manifatturaitalianadelcaffe.it\/miscela-decaffeinati-ad-acqua\/","og_locale":"de_DE","og_type":"article","og_title":"Entkoffeinierte Kaffeemischung auf Wasserbasis - Manifattura italiana del caff\u00e8","og_description":"Entkoffeinierte Kaffeemischung auf Wasserbasis Das von der Swiss Water Decaffeinated Coffee Company* durchgef\u00fchrte Entkoffeinierungsverfahren erfolgt ohne Verwendung von L\u00f6sungsmitteln. Es wird nur Wasser verwendet. Die drei erforderlichen Elemente sind Wasser, Temperatur und Zeit, mit denen etwa 99,9 % des Koffeins extrahiert werden k\u00f6nnen.Im Wesentlichen erfolgt der Ablauf in 3 Schritten: 1. Reinigung des Rohkaffees mit [&hellip;]","og_url":"https:\/\/www.manifatturaitalianadelcaffe.it\/miscela-decaffeinati-ad-acqua\/","og_site_name":"Manifattura italiana del caff\u00e8","article_modified_time":"2025-04-15T10:14:19+00:00","og_image":[{"url":"https:\/\/www.manifatturaitalianadelcaffe.it\/wp-content\/uploads\/2025\/04\/Scheda_Miscela_deca_acqua_TED.jpg","type":"","width":"","height":""}],"twitter_card":"summary_large_image","twitter_misc":{"Gesch\u00e4tzte Lesezeit":"2\u00a0Minuten"},"schema":{"@context":"https:\/\/schema.org","@graph":[{"@type":"WebPage","@id":"https:\/\/www.manifatturaitalianadelcaffe.it\/miscela-decaffeinati-ad-acqua\/","url":"https:\/\/www.manifatturaitalianadelcaffe.it\/miscela-decaffeinati-ad-acqua\/","name":"Entkoffeinierte Kaffeemischung auf Wasserbasis - Manifattura italiana del caff\u00e8","isPartOf":{"@id":"https:\/\/www.manifatturaitalianadelcaffe.it\/#website"},"primaryImageOfPage":{"@id":"https:\/\/www.manifatturaitalianadelcaffe.it\/miscela-decaffeinati-ad-acqua\/#primaryimage"},"image":{"@id":"https:\/\/www.manifatturaitalianadelcaffe.it\/miscela-decaffeinati-ad-acqua\/#primaryimage"},"thumbnailUrl":"https:\/\/www.manifatturaitalianadelcaffe.it\/wp-content\/uploads\/2025\/04\/Scheda_Miscela_deca_acqua_TED.jpg","datePublished":"2023-01-10T11:49:24+00:00","dateModified":"2025-04-15T10:14:19+00:00","breadcrumb":{"@id":"https:\/\/www.manifatturaitalianadelcaffe.it\/miscela-decaffeinati-ad-acqua\/#breadcrumb"},"inLanguage":"de","potentialAction":[{"@type":"ReadAction","target":["https:\/\/www.manifatturaitalianadelcaffe.it\/miscela-decaffeinati-ad-acqua\/"]}]},{"@type":"ImageObject","inLanguage":"de","@id":"https:\/\/www.manifatturaitalianadelcaffe.it\/miscela-decaffeinati-ad-acqua\/#primaryimage","url":"https:\/\/www.manifatturaitalianadelcaffe.it\/wp-content\/uploads\/2025\/04\/Scheda_Miscela_deca_acqua_TED.jpg","contentUrl":"https:\/\/www.manifatturaitalianadelcaffe.it\/wp-content\/uploads\/2025\/04\/Scheda_Miscela_deca_acqua_TED.jpg"},{"@type":"BreadcrumbList","@id":"https:\/\/www.manifatturaitalianadelcaffe.it\/miscela-decaffeinati-ad-acqua\/#breadcrumb","itemListElement":[{"@type":"ListItem","position":1,"name":"Home","item":"https:\/\/www.manifatturaitalianadelcaffe.it\/"},{"@type":"ListItem","position":2,"name":"Entkoffeinierte Kaffeemischung auf Wasserbasis"}]},{"@type":"WebSite","@id":"https:\/\/www.manifatturaitalianadelcaffe.it\/#website","url":"https:\/\/www.manifatturaitalianadelcaffe.it\/","name":"Manifattura italiana del caff\u00e8","description":"","publisher":{"@id":"https:\/\/www.manifatturaitalianadelcaffe.it\/#organization"},"potentialAction":[{"@type":"SearchAction","target":{"@type":"EntryPoint","urlTemplate":"https:\/\/www.manifatturaitalianadelcaffe.it\/?s={search_term_string}"},"query-input":{"@type":"PropertyValueSpecification","valueRequired":true,"valueName":"search_term_string"}}],"inLanguage":"de"},{"@type":"Organization","@id":"https:\/\/www.manifatturaitalianadelcaffe.it\/#organization","name":"Manifattura italiana del caff\u00e8","url":"https:\/\/www.manifatturaitalianadelcaffe.it\/","logo":{"@type":"ImageObject","inLanguage":"de","@id":"https:\/\/www.manifatturaitalianadelcaffe.it\/#\/schema\/logo\/image\/","url":"https:\/\/www.manifatturaitalianadelcaffe.it\/wp-content\/uploads\/2023\/02\/cropped-logo-manifattura.jpg","contentUrl":"https:\/\/www.manifatturaitalianadelcaffe.it\/wp-content\/uploads\/2023\/02\/cropped-logo-manifattura.jpg","width":1260,"height":1260,"caption":"Manifattura italiana del caff\u00e8"},"image":{"@id":"https:\/\/www.manifatturaitalianadelcaffe.it\/#\/schema\/logo\/image\/"}}]}},"_links":{"self":[{"href":"https:\/\/www.manifatturaitalianadelcaffe.it\/de\/wp-json\/wp\/v2\/pages\/2470","targetHints":{"allow":["GET"]}}],"collection":[{"href":"https:\/\/www.manifatturaitalianadelcaffe.it\/de\/wp-json\/wp\/v2\/pages"}],"about":[{"href":"https:\/\/www.manifatturaitalianadelcaffe.it\/de\/wp-json\/wp\/v2\/types\/page"}],"author":[{"embeddable":true,"href":"https:\/\/www.manifatturaitalianadelcaffe.it\/de\/wp-json\/wp\/v2\/users\/1"}],"replies":[{"embeddable":true,"href":"https:\/\/www.manifatturaitalianadelcaffe.it\/de\/wp-json\/wp\/v2\/comments?post=2470"}],"version-history":[{"count":45,"href":"https:\/\/www.manifatturaitalianadelcaffe.it\/de\/wp-json\/wp\/v2\/pages\/2470\/revisions"}],"predecessor-version":[{"id":5486,"href":"https:\/\/www.manifatturaitalianadelcaffe.it\/de\/wp-json\/wp\/v2\/pages\/2470\/revisions\/5486"}],"wp:attachment":[{"href":"https:\/\/www.manifatturaitalianadelcaffe.it\/de\/wp-json\/wp\/v2\/media?parent=2470"}],"curies":[{"name":"wp","href":"https:\/\/api.w.org\/{rel}","templated":true}]}}