{"id":2412,"date":"2023-01-10T11:32:02","date_gmt":"2023-01-10T11:32:02","guid":{"rendered":"https:\/\/manifatturaitalianadelcaffe.136-244-100-128.plesk.page\/bio-kaffeemischung\/"},"modified":"2025-04-15T10:11:05","modified_gmt":"2025-04-15T10:11:05","slug":"bio-kaffeemischung","status":"publish","type":"page","link":"https:\/\/www.manifatturaitalianadelcaffe.it\/de\/bio-kaffeemischung\/","title":{"rendered":"Bio-Kaffeemischung"},"content":{"rendered":"\t\t<div data-elementor-type=\"wp-page\" data-elementor-id=\"2412\" class=\"elementor elementor-2412 elementor-602\" data-elementor-post-type=\"page\">\n\t\t\t\t\t\t<section class=\"elementor-section elementor-top-section elementor-element elementor-element-8af6fe3 elementor-section-height-min-height elementor-section-boxed elementor-section-height-default elementor-section-items-middle\" data-id=\"8af6fe3\" data-element_type=\"section\" data-settings=\"{&quot;background_background&quot;:&quot;classic&quot;}\">\n\t\t\t\t\t\t\t<div class=\"elementor-background-overlay\"><\/div>\n\t\t\t\t\t\t\t<div class=\"elementor-container elementor-column-gap-no\">\n\t\t\t\t\t<div class=\"elementor-column elementor-col-100 elementor-top-column elementor-element elementor-element-d2f7e8f\" data-id=\"d2f7e8f\" data-element_type=\"column\">\n\t\t\t<div class=\"elementor-widget-wrap elementor-element-populated\">\n\t\t\t\t\t\t<div class=\"elementor-element elementor-element-60b1c67 elementor-invisible elementor-widget elementor-widget-heading\" data-id=\"60b1c67\" data-element_type=\"widget\" data-settings=\"{&quot;_animation&quot;:&quot;fadeIn&quot;}\" data-widget_type=\"heading.default\">\n\t\t\t\t<div class=\"elementor-widget-container\">\n\t\t\t\t\t<h2 class=\"elementor-heading-title elementor-size-default\">Bio-Kaffeemischungen<\/h2>\t\t\t\t<\/div>\n\t\t\t\t<\/div>\n\t\t\t\t\t<\/div>\n\t\t<\/div>\n\t\t\t\t\t<\/div>\n\t\t<\/section>\n\t\t\t\t<section class=\"elementor-section elementor-top-section elementor-element elementor-element-b87afab elementor-section-boxed elementor-section-height-default elementor-section-height-default\" data-id=\"b87afab\" data-element_type=\"section\">\n\t\t\t\t\t\t<div class=\"elementor-container elementor-column-gap-default\">\n\t\t\t\t\t<div class=\"elementor-column elementor-col-50 elementor-top-column elementor-element elementor-element-63a8115\" data-id=\"63a8115\" data-element_type=\"column\">\n\t\t\t<div class=\"elementor-widget-wrap elementor-element-populated\">\n\t\t\t\t\t\t<div class=\"elementor-element elementor-element-1b2db4b elementor-widget elementor-widget-image\" data-id=\"1b2db4b\" data-element_type=\"widget\" data-widget_type=\"image.default\">\n\t\t\t\t<div class=\"elementor-widget-container\">\n\t\t\t\t\t\t\t\t\t\t\t\t\t\t\t\t<a href=\"https:\/\/www.manifatturaitalianadelcaffe.it\/wp-content\/uploads\/2025\/04\/Scheda_Miscela_caffe_bio_TED.jpg\" data-elementor-open-lightbox=\"yes\" data-elementor-lightbox-title=\"Scheda_Miscela_caffe_bio_TED\" data-e-action-hash=\"#elementor-action%3Aaction%3Dlightbox%26settings%3DeyJpZCI6NTQ2MywidXJsIjoiaHR0cHM6XC9cL3d3dy5tYW5pZmF0dHVyYWl0YWxpYW5hZGVsY2FmZmUuaXRcL3dwLWNvbnRlbnRcL3VwbG9hZHNcLzIwMjVcLzA0XC9TY2hlZGFfTWlzY2VsYV9jYWZmZV9iaW9fVEVELmpwZyJ9\">\n\t\t\t\t\t\t\t<img fetchpriority=\"high\" decoding=\"async\" width=\"1039\" height=\"1039\" src=\"https:\/\/www.manifatturaitalianadelcaffe.it\/wp-content\/uploads\/2025\/04\/Scheda_Miscela_caffe_bio_TED.jpg\" class=\"attachment-full size-full wp-image-5463\" alt=\"\" srcset=\"https:\/\/www.manifatturaitalianadelcaffe.it\/wp-content\/uploads\/2025\/04\/Scheda_Miscela_caffe_bio_TED.jpg 1039w, https:\/\/www.manifatturaitalianadelcaffe.it\/wp-content\/uploads\/2025\/04\/Scheda_Miscela_caffe_bio_TED-300x300.jpg 300w, https:\/\/www.manifatturaitalianadelcaffe.it\/wp-content\/uploads\/2025\/04\/Scheda_Miscela_caffe_bio_TED-1024x1024.jpg 1024w, https:\/\/www.manifatturaitalianadelcaffe.it\/wp-content\/uploads\/2025\/04\/Scheda_Miscela_caffe_bio_TED-150x150.jpg 150w, https:\/\/www.manifatturaitalianadelcaffe.it\/wp-content\/uploads\/2025\/04\/Scheda_Miscela_caffe_bio_TED-768x768.jpg 768w\" sizes=\"(max-width: 1039px) 100vw, 1039px\" \/>\t\t\t\t\t\t\t\t<\/a>\n\t\t\t\t\t\t\t\t\t\t\t\t\t\t\t<\/div>\n\t\t\t\t<\/div>\n\t\t\t\t\t<\/div>\n\t\t<\/div>\n\t\t\t\t<div class=\"elementor-column elementor-col-50 elementor-top-column elementor-element elementor-element-6f38002\" data-id=\"6f38002\" data-element_type=\"column\">\n\t\t\t<div class=\"elementor-widget-wrap elementor-element-populated\">\n\t\t\t\t\t\t<div class=\"elementor-element elementor-element-4aa3f67 elementor-widget elementor-widget-text-editor\" data-id=\"4aa3f67\" data-element_type=\"widget\" data-widget_type=\"text-editor.default\">\n\t\t\t\t<div class=\"elementor-widget-container\">\n\t\t\t\t\t\t\t\t\t<p>Bio-Kaffeemischung, die nur aus Arabica-Sorten aus Brasilien, Mittelamerika und Afrika besteht. Zusammensetzung, Verarbeitung und Verpackung erfolgen in unserem Werk nach einem qualitativ hochwertigen und absolut strengen Produktionsverfahren.<\/p>\n<p>Die verschiedenen Selektionen, aus denen sich die Mischung zusammensetzt, werden vor dem Herstellungsverfahren getestet und nach der R\u00f6stung wird eine Verkostung durchgef\u00fchrt.<\/p><p>Um Mikrochargen von hervorragender Qualit\u00e4t herzustellen, haben wir uns mit einer kleinen R\u00f6stanlage mit Technologien der neuesten Generation ausgestattet, in der es m\u00f6glich ist, den Verarbeitungszyklus und die R\u00f6stkurven entsprechend der Herkunft des gekauften Kaffees zu programmieren. Auf Anfrage stellen wir dem Kunden eine Kopie der Zertifizierung zur Verf\u00fcgung.<\/p>\n<p><strong>BESCHREIBUNG:<br><\/strong>Feine und kompakte haselnussfarbene Creme mit ebenholzfarbenen Schlieren. Ausgezeichnete, aromatische Komplexit\u00e4t. Niedriger S\u00e4uregehalt. Fruchtige Reminiszenzen im Nachgeschmack.<\/p>\t\t\t\t\t\t\t\t<\/div>\n\t\t\t\t<\/div>\n\t\t\t\t\t<\/div>\n\t\t<\/div>\n\t\t\t\t\t<\/div>\n\t\t<\/section>\n\t\t\t\t<section class=\"elementor-section elementor-top-section elementor-element elementor-element-dc9895a elementor-section-height-min-height elementor-section-boxed elementor-section-height-default elementor-section-items-middle\" data-id=\"dc9895a\" data-element_type=\"section\" data-settings=\"{&quot;background_background&quot;:&quot;classic&quot;}\">\n\t\t\t\t\t\t\t<div class=\"elementor-background-overlay\"><\/div>\n\t\t\t\t\t\t\t<div class=\"elementor-container elementor-column-gap-no\">\n\t\t\t\t\t<div class=\"elementor-column elementor-col-100 elementor-top-column elementor-element elementor-element-bfee740\" data-id=\"bfee740\" data-element_type=\"column\">\n\t\t\t<div class=\"elementor-widget-wrap elementor-element-populated\">\n\t\t\t\t\t\t<div class=\"elementor-element elementor-element-3f01df8 elementor-widget elementor-widget-heading\" data-id=\"3f01df8\" data-element_type=\"widget\" data-widget_type=\"heading.default\">\n\t\t\t\t<div class=\"elementor-widget-container\">\n\t\t\t\t\t<h2 class=\"elementor-heading-title elementor-size-default\">Entdecken Sie die anderen Mischungen<\/h2>\t\t\t\t<\/div>\n\t\t\t\t<\/div>\n\t\t\t\t<div class=\"elementor-element elementor-element-9ed25e3 elementor-align-center elementor-widget elementor-widget-button\" data-id=\"9ed25e3\" data-element_type=\"widget\" data-widget_type=\"button.default\">\n\t\t\t\t<div class=\"elementor-widget-container\">\n\t\t\t\t\t\t\t\t\t<div class=\"elementor-button-wrapper\">\n\t\t\t\t\t<a class=\"elementor-button elementor-button-link elementor-size-sm elementor-animation-grow\" href=\"https:\/\/www.manifatturaitalianadelcaffe.it\/de\/#produkte\">\n\t\t\t\t\t\t<span class=\"elementor-button-content-wrapper\">\n\t\t\t\t\t\t\t\t\t<span class=\"elementor-button-text\">Weitere Informationen<\/span>\n\t\t\t\t\t<\/span>\n\t\t\t\t\t<\/a>\n\t\t\t\t<\/div>\n\t\t\t\t\t\t\t\t<\/div>\n\t\t\t\t<\/div>\n\t\t\t\t\t<\/div>\n\t\t<\/div>\n\t\t\t\t\t<\/div>\n\t\t<\/section>\n\t\t\t\t<section class=\"elementor-section elementor-top-section elementor-element elementor-element-b9b95ac elementor-section-boxed elementor-section-height-default elementor-section-height-default\" data-id=\"b9b95ac\" data-element_type=\"section\">\n\t\t\t\t\t\t<div class=\"elementor-container elementor-column-gap-default\">\n\t\t\t\t\t<div class=\"elementor-column elementor-col-33 elementor-top-column elementor-element elementor-element-3b28fca\" data-id=\"3b28fca\" data-element_type=\"column\">\n\t\t\t<div class=\"elementor-widget-wrap elementor-element-populated\">\n\t\t\t\t\t\t<div class=\"elementor-element elementor-element-bcd1867 elementor-widget elementor-widget-image\" data-id=\"bcd1867\" data-element_type=\"widget\" data-widget_type=\"image.default\">\n\t\t\t\t<div class=\"elementor-widget-container\">\n\t\t\t\t\t\t\t\t\t\t\t\t\t\t\t<img decoding=\"async\" width=\"2027\" height=\"1917\" src=\"https:\/\/www.manifatturaitalianadelcaffe.it\/wp-content\/uploads\/2023\/08\/Logo-manifattura-tedesco.png\" class=\"attachment-full size-full wp-image-4883\" alt=\"\" srcset=\"https:\/\/www.manifatturaitalianadelcaffe.it\/wp-content\/uploads\/2023\/08\/Logo-manifattura-tedesco.png 2027w, https:\/\/www.manifatturaitalianadelcaffe.it\/wp-content\/uploads\/2023\/08\/Logo-manifattura-tedesco-300x284.png 300w, https:\/\/www.manifatturaitalianadelcaffe.it\/wp-content\/uploads\/2023\/08\/Logo-manifattura-tedesco-1024x968.png 1024w, https:\/\/www.manifatturaitalianadelcaffe.it\/wp-content\/uploads\/2023\/08\/Logo-manifattura-tedesco-768x726.png 768w, https:\/\/www.manifatturaitalianadelcaffe.it\/wp-content\/uploads\/2023\/08\/Logo-manifattura-tedesco-1536x1453.png 1536w\" sizes=\"(max-width: 2027px) 100vw, 2027px\" \/>\t\t\t\t\t\t\t\t\t\t\t\t\t\t\t<\/div>\n\t\t\t\t<\/div>\n\t\t\t\t\t<\/div>\n\t\t<\/div>\n\t\t\t\t<div class=\"elementor-column elementor-col-33 elementor-top-column elementor-element elementor-element-1cd0973\" data-id=\"1cd0973\" data-element_type=\"column\">\n\t\t\t<div class=\"elementor-widget-wrap elementor-element-populated\">\n\t\t\t\t\t\t<div class=\"elementor-element elementor-element-6efecf9 elementor-widget elementor-widget-heading\" data-id=\"6efecf9\" data-element_type=\"widget\" data-widget_type=\"heading.default\">\n\t\t\t\t<div class=\"elementor-widget-container\">\n\t\t\t\t\t<h2 class=\"elementor-heading-title elementor-size-default\">Manifattura Italiana del caff\u00e8<\/h2>\t\t\t\t<\/div>\n\t\t\t\t<\/div>\n\t\t\t\t<div class=\"elementor-element elementor-element-b4f181a elementor-widget elementor-widget-text-editor\" data-id=\"b4f181a\" data-element_type=\"widget\" data-widget_type=\"text-editor.default\">\n\t\t\t\t<div class=\"elementor-widget-container\">\n\t\t\t\t\t\t\t\t\t<p>Ist eine Marke von Bin Caff\u00e8 s.r.l<br \/>Societ\u00e0 unipersonale<br \/>P.IVA 00584460265<br \/>Via Treviso 72<br \/>31040 Trevignano (TV)<br \/>Tel. 0423 677106<\/p>\t\t\t\t\t\t\t\t<\/div>\n\t\t\t\t<\/div>\n\t\t\t\t\t<\/div>\n\t\t<\/div>\n\t\t\t\t<div class=\"elementor-column elementor-col-33 elementor-top-column elementor-element elementor-element-476c46f\" data-id=\"476c46f\" data-element_type=\"column\">\n\t\t\t<div class=\"elementor-widget-wrap elementor-element-populated\">\n\t\t\t\t\t\t<div class=\"elementor-element elementor-element-77f45b0 elementor-widget elementor-widget-heading\" data-id=\"77f45b0\" data-element_type=\"widget\" data-widget_type=\"heading.default\">\n\t\t\t\t<div class=\"elementor-widget-container\">\n\t\t\t\t\t<h2 class=\"elementor-heading-title elementor-size-default\">Legal<\/h2>\t\t\t\t<\/div>\n\t\t\t\t<\/div>\n\t\t\t\t<div class=\"elementor-element elementor-element-38413c1 elementor-widget elementor-widget-text-editor\" data-id=\"38413c1\" data-element_type=\"widget\" data-widget_type=\"text-editor.default\">\n\t\t\t\t<div class=\"elementor-widget-container\">\n\t\t\t\t\t\t\t\t\t<p><a href=\"https:\/\/www.manifatturaitalianadelcaffe.it\/de\/datenschutzerklarung\/\">Privacy policy<\/a><\/p>\t\t\t\t\t\t\t\t<\/div>\n\t\t\t\t<\/div>\n\t\t\t\t\t<\/div>\n\t\t<\/div>\n\t\t\t\t\t<\/div>\n\t\t<\/section>\n\t\t\t\t<\/div>\n\t\t","protected":false},"excerpt":{"rendered":"<p>Bio-Kaffeemischungen Bio-Kaffeemischung, die nur aus Arabica-Sorten aus Brasilien, Mittelamerika und Afrika besteht. Zusammensetzung, Verarbeitung und Verpackung erfolgen in unserem Werk nach einem qualitativ hochwertigen und absolut strengen Produktionsverfahren. Die verschiedenen Selektionen, aus denen sich die Mischung zusammensetzt, werden vor dem Herstellungsverfahren getestet und nach der R\u00f6stung wird eine Verkostung durchgef\u00fchrt. Um Mikrochargen von hervorragender Qualit\u00e4t [&hellip;]<\/p>\n","protected":false},"author":1,"featured_media":4354,"parent":0,"menu_order":0,"comment_status":"closed","ping_status":"closed","template":"","meta":{"site-sidebar-layout":"no-sidebar","site-content-layout":"page-builder","ast-site-content-layout":"default","site-content-style":"default","site-sidebar-style":"default","ast-global-header-display":"","ast-banner-title-visibility":"","ast-main-header-display":"","ast-hfb-above-header-display":"","ast-hfb-below-header-display":"","ast-hfb-mobile-header-display":"","site-post-title":"disabled","ast-breadcrumbs-content":"","ast-featured-img":"disabled","footer-sml-layout":"","theme-transparent-header-meta":"enabled","adv-header-id-meta":"","stick-header-meta":"","header-above-stick-meta":"","header-main-stick-meta":"","header-below-stick-meta":"","astra-migrate-meta-layouts":"default","ast-page-background-enabled":"default","ast-page-background-meta":{"desktop":{"background-color":"","background-image":"","background-repeat":"repeat","background-position":"center center","background-size":"auto","background-attachment":"scroll","background-type":"","background-media":"","overlay-type":"","overlay-color":"","overlay-opacity":"","overlay-gradient":""},"tablet":{"background-color":"","background-image":"","background-repeat":"repeat","background-position":"center center","background-size":"auto","background-attachment":"scroll","background-type":"","background-media":"","overlay-type":"","overlay-color":"","overlay-opacity":"","overlay-gradient":""},"mobile":{"background-color":"","background-image":"","background-repeat":"repeat","background-position":"center center","background-size":"auto","background-attachment":"scroll","background-type":"","background-media":"","overlay-type":"","overlay-color":"","overlay-opacity":"","overlay-gradient":""}},"ast-content-background-meta":{"desktop":{"background-color":"var(--ast-global-color-5)","background-image":"","background-repeat":"repeat","background-position":"center center","background-size":"auto","background-attachment":"scroll","background-type":"","background-media":"","overlay-type":"","overlay-color":"","overlay-opacity":"","overlay-gradient":""},"tablet":{"background-color":"var(--ast-global-color-5)","background-image":"","background-repeat":"repeat","background-position":"center center","background-size":"auto","background-attachment":"scroll","background-type":"","background-media":"","overlay-type":"","overlay-color":"","overlay-opacity":"","overlay-gradient":""},"mobile":{"background-color":"var(--ast-global-color-5)","background-image":"","background-repeat":"repeat","background-position":"center center","background-size":"auto","background-attachment":"scroll","background-type":"","background-media":"","overlay-type":"","overlay-color":"","overlay-opacity":"","overlay-gradient":""}},"footnotes":""},"class_list":["post-2412","page","type-page","status-publish","has-post-thumbnail","hentry"],"_links":{"self":[{"href":"https:\/\/www.manifatturaitalianadelcaffe.it\/de\/wp-json\/wp\/v2\/pages\/2412","targetHints":{"allow":["GET"]}}],"collection":[{"href":"https:\/\/www.manifatturaitalianadelcaffe.it\/de\/wp-json\/wp\/v2\/pages"}],"about":[{"href":"https:\/\/www.manifatturaitalianadelcaffe.it\/de\/wp-json\/wp\/v2\/types\/page"}],"author":[{"embeddable":true,"href":"https:\/\/www.manifatturaitalianadelcaffe.it\/de\/wp-json\/wp\/v2\/users\/1"}],"replies":[{"embeddable":true,"href":"https:\/\/www.manifatturaitalianadelcaffe.it\/de\/wp-json\/wp\/v2\/comments?post=2412"}],"version-history":[{"count":46,"href":"https:\/\/www.manifatturaitalianadelcaffe.it\/de\/wp-json\/wp\/v2\/pages\/2412\/revisions"}],"predecessor-version":[{"id":5468,"href":"https:\/\/www.manifatturaitalianadelcaffe.it\/de\/wp-json\/wp\/v2\/pages\/2412\/revisions\/5468"}],"wp:featuredmedia":[{"embeddable":true,"href":"https:\/\/www.manifatturaitalianadelcaffe.it\/de\/wp-json\/wp\/v2\/media\/4354"}],"wp:attachment":[{"href":"https:\/\/www.manifatturaitalianadelcaffe.it\/de\/wp-json\/wp\/v2\/media?parent=2412"}],"curies":[{"name":"wp","href":"https:\/\/api.w.org\/{rel}","templated":true}]}}